{"id":8051,"date":"2024-01-24T13:56:26","date_gmt":"2024-01-24T12:56:26","guid":{"rendered":"https:\/\/campus.ecovalia.org\/eva\/?post_type=product&#038;p=8051"},"modified":"2026-03-13T14:05:50","modified_gmt":"2026-03-13T13:05:50","slug":"curso-de-produccion-ecologica","status":"publish","type":"product","link":"https:\/\/campus.ecovalia.org\/eva\/curso\/curso-de-produccion-ecologica\/","title":{"rendered":"CURSO DE PRODUCCI\u00d3N ECOL\u00d3GICA"},"content":{"rendered":"<p><font color=\"#339966\"><strong>PRESENTACI\u00d3N<\/strong><\/font><\/p>\n<p>El sector de la producci\u00f3n ecol\u00f3gica es un sector en constante crecimiento que demanda profesionales formados y capaces de gestionar la finca agropecuaria bajo los criterios de la norma que la regula.\u00a0 A trav\u00e9s de este curso, el alumnado conocer\u00e1 la producci\u00f3n ecol\u00f3gica, los pasos del proceso de certificaci\u00f3n, la regulaci\u00f3n en vigor y el reglamento actual y las pr\u00e1cticas utilizables bajo este sistema productivo.<\/p>\n<p>Desde Ecovalia, la asociaci\u00f3n profesional espa\u00f1ola de la producci\u00f3n ecol\u00f3gica, con una larga experiencia y trayectoria de m\u00e1s de 30 a\u00f1os, lanzamos este curso dirigido a profesionales que deseen dedicarse al apoyo y gesti\u00f3n de fincas agropecuarias ecol\u00f3gicas.<\/p>\n<p>Ecovalia est\u00e1 reconocida en este sistema productivo por el \u00d3rgano instructor de la Orden de 7 de noviembre de 2023, para la concesi\u00f3n de subvenciones, en r\u00e9gimen de concurrencia competitiva, dirigidas a apoyar el uso de servicios de asesoramiento sostenible en producci\u00f3n ecol\u00f3gica a explotaciones agrarias, estando este curso reconocido como formaci\u00f3n espec\u00edfica acreditable en Producci\u00f3n Ecol\u00f3gica para las personas asesoras.<\/p>\n<p><font color=\"#339966\"><strong>OBJETIVOS<\/strong><\/font><\/p>\n<p>Ofrecer los conocimientos necesarios para poder gestionar una explotaci\u00f3n agropecuaria en la producci\u00f3n ecol\u00f3gica.<\/p>\n<p><font color=\"#339966\"><strong>DESTINATARIOS<\/strong><\/font><\/p>\n<p>Profesionales que deseen gestionar una explotaci\u00f3n en la producci\u00f3n ecol\u00f3gica.<\/p>\n<p><font color=\"#339966\"><strong>EQUIPO FORMATIVO<\/strong><\/font><\/p>\n<p>El equipo formativo est\u00e1 constituido por personal docente de Ecovalia, que cuenta con amplia experiencia como formadores para el sector de la producci\u00f3n ecol\u00f3gica, capacitaci\u00f3n y experiencia en la certificaci\u00f3n de alimentos ecol\u00f3gicos y una larga trayectoria profesional. Este equipo ha dise\u00f1ado la actividad formativa, elaborado los materiales docentes de este curso y, adem\u00e1s, atender\u00e1 las tutor\u00edas.<\/p>\n<p><font color=\"#339966\"><strong>CONTENIDOS DEL TEMARIO<\/strong><\/font><\/p>\n<p>Los contenidos del Curso Producci\u00f3n Ecol\u00f3gica son de elaboraci\u00f3n propia de Ecovalia a partir de la normativa en vigor de la UE para la producci\u00f3n ecol\u00f3gica, documentos de organismos oficiales y otras fuentes bibliogr\u00e1ficas reconocidas.<\/p>\n<ul>\n<li>Unidad 1. Introducci\u00f3n a la Producci\u00f3n Ecol\u00f3gica.<\/li>\n<li>Unidad 2. Proceso de Certificaci\u00f3n en Producci\u00f3n Ecol\u00f3gica.<\/li>\n<li>Unidad 3. Normas de Producci\u00f3n Ecol\u00f3gica y Sustancias Autorizadas.<\/li>\n<li>Unidad 4. Cultivos en Producci\u00f3n Ecol\u00f3gica.<\/li>\n<li>Unidad 5. Especies ganaderas en Producci\u00f3n Ecol\u00f3gica.<\/li>\n<li>Unidad 6: Cuaderno de campo<\/li>\n<\/ul>\n<p><font color=\"#339966\"><strong>METODOLOG\u00cdA<\/strong><\/font><\/p>\n<p>Para el dise\u00f1o del curso se han considerado herramientas que faciliten el aprendizaje y la puesta en marcha de lo aprendido.<\/p>\n<p>La metodolog\u00eda de este curso est\u00e1 basada en la ense\u00f1anza online para favorecer su accesibilidad al eliminar los inconvenientes derivados del lugar de residencia y flexibilizar los horarios, pudiendo conciliar la realizaci\u00f3n del curso con otras tareas profesionales y familiares.<\/p>\n<p>El dise\u00f1o innovador de nuestra plataforma, Campus Ecovalia, facilita el aprendizaje de un modo ameno y eficiente.<\/p>\n<p>El proceso de aprendizaje se dividir\u00e1 en una fase te\u00f3rica y una pr\u00e1ctica, a trav\u00e9s de las pruebas de evaluaci\u00f3n.<\/p>\n<p>Durante todo el curso, el alumnado contar\u00e1 con un servicio\u00a0 de tutor\u00edas personalizadas a trav\u00e9s de la plataforma.<\/p>\n<p><font color=\"#339966\"><strong>DURACI\u00d3N<\/strong><\/font><\/p>\n<p>Este curso cuenta con 8<strong>0 horas lectivas. <\/strong>Cada participante decide su propio ritmo de aprendizaje.<\/p>\n<p><font color=\"#339966\"><strong>INSCRIPCI\u00d3N<\/strong><\/font><\/p>\n<p>Solicitar la inscripci\u00f3n <a href=\"https:\/\/campus.ecovalia.org\/eva\/curso\/curso-de-produccion-ecologica\/\"><strong>AQU\u00cd<\/strong><\/a>.<\/p>\n<p>M\u00e1s informaci\u00f3n: +34 955 018 961 y <a href=\"mailto:formacion@ecovalia.org\">formacion@ecovalia.org<\/a>.<\/p>\n<p><font color=\"#339966\"><strong>COSTE<\/strong><\/font><\/p>\n<p>El coste del curso es de 250 euros (impuestos no incluidos). El precio incluye el uso del entorno virtual de aprendizaje (Campus Ecovalia) y el acceso al contenido y servicio de tutor\u00eda.<\/p>\n","protected":false},"excerpt":{"rendered":"<h3><font color=\"#339966\">CURSO ACREDITADO, v\u00e1lido para Ayudas Asesoramiento<\/font><\/h3>\n<hr \/>\n<p>&nbsp;<\/p>\n","protected":false},"featured_media":8053,"comment_status":"closed","ping_status":"closed","template":"","meta":[],"product_cat":[18],"product_tag":[],"_links":{"self":[{"href":"https:\/\/campus.ecovalia.org\/eva\/wp-json\/wp\/v2\/product\/8051"}],"collection":[{"href":"https:\/\/campus.ecovalia.org\/eva\/wp-json\/wp\/v2\/product"}],"about":[{"href":"https:\/\/campus.ecovalia.org\/eva\/wp-json\/wp\/v2\/types\/product"}],"replies":[{"embeddable":true,"href":"https:\/\/campus.ecovalia.org\/eva\/wp-json\/wp\/v2\/comments?post=8051"}],"wp:featuredmedia":[{"embeddable":true,"href":"https:\/\/campus.ecovalia.org\/eva\/wp-json\/wp\/v2\/media\/8053"}],"wp:attachment":[{"href":"https:\/\/campus.ecovalia.org\/eva\/wp-json\/wp\/v2\/media?parent=8051"}],"wp:term":[{"taxonomy":"product_cat","embeddable":true,"href":"https:\/\/campus.ecovalia.org\/eva\/wp-json\/wp\/v2\/product_cat?post=8051"},{"taxonomy":"product_tag","embeddable":true,"href":"https:\/\/campus.ecovalia.org\/eva\/wp-json\/wp\/v2\/product_tag?post=8051"}],"curies":[{"name":"wp","href":"https:\/\/api.w.org\/{rel}","templated":true}]}}