{"id":6677,"date":"2022-12-15T18:41:13","date_gmt":"2022-12-15T17:41:13","guid":{"rendered":"https:\/\/campus.ecovalia.org\/eva\/?post_type=product&#038;p=6677"},"modified":"2024-11-06T14:02:18","modified_gmt":"2024-11-06T13:02:18","slug":"curso-online-cata-de-vinos-ecologicos","status":"publish","type":"product","link":"https:\/\/campus.ecovalia.org\/eva\/curso\/curso-online-cata-de-vinos-ecologicos\/","title":{"rendered":"Curso Online Cata de Vinos Ecol\u00f3gicos"},"content":{"rendered":"<p><font color=\"#993300\"><strong>PRESENTACI\u00d3N<\/strong><\/font><\/p>\n<p><span data-contrast=\"auto\">Descubre y disfruta los vinos ecol\u00f3gicos aprendiendo todo lo que debes saber para realizar una cata correctamente.\u00a0<\/span><span data-ccp-props=\"{&quot;201341983&quot;:0,&quot;335551550&quot;:6,&quot;335551620&quot;:6,&quot;335559739&quot;:160,&quot;335559740&quot;:240}\">\u00a0<\/span><\/p>\n<p><span data-contrast=\"auto\">Desde <\/span><a href=\"https:\/\/www.ecovalia.org\/\"><span data-contrast=\"none\">Ecovalia<\/span><\/a><span data-contrast=\"auto\">, asociaci\u00f3n profesional espa\u00f1ola de la producci\u00f3n ecol\u00f3gica, con una larga experiencia y trayectoria de m\u00e1s de 30 a\u00f1os, lanzamos este apasionante curso sobre Cata de Vinos Ecol\u00f3gicos.<\/span><span data-ccp-props=\"{&quot;201341983&quot;:0,&quot;335551550&quot;:6,&quot;335551620&quot;:6,&quot;335559739&quot;:160,&quot;335559740&quot;:240}\">\u00a0<\/span><\/p>\n<p><span data-contrast=\"auto\">A trav\u00e9s de este curso online, conocer\u00e1s todo lo que debes saber para disfrutar m\u00e1s de los vinos ecol\u00f3gicos, desde c\u00f3mo descorchar una botella, hasta c\u00f3mo realizar el an\u00e1lisis sensorial y c\u00f3mo debe ser la conservaci\u00f3n del vino.\u00a0<\/span><span data-ccp-props=\"{&quot;201341983&quot;:0,&quot;335551550&quot;:6,&quot;335551620&quot;:6,&quot;335559739&quot;:160,&quot;335559740&quot;:240}\">\u00a0<\/span><\/p>\n<p><span data-contrast=\"auto\">Adem\u00e1s, recibir\u00e1s un pack con vinos ecol\u00f3gicos premiados en el XXIII <a href=\"https:\/\/concursoecoracimo.ecovalia.org\/\" target=\"_blank\" rel=\"noopener\">Concurso Internacional de Vinos Ecol\u00f3gicos, EcoRacimo<\/a> 2022. El primer vino incluido en el <b>pack regalo<\/b> a este curso es el <b>vino joven \u2018Est\u00e1 por venir\u2019, de Bodega Palomillo<\/b>, que recibi\u00f3 el Premio Especial Diputaci\u00f3n de C\u00f3rdoba, m\u00e1ximo galard\u00f3n del Concurso Internacional de Vinos Ecol\u00f3gicos EcoRacimo 2022. Adem\u00e1s, en el pack se incluyen otros dos vinos premiados, el <b>vino Murviedro Arts de Luna Organic Brut Nature, de Bodegas Murviedro y el vino fino Piedra Luenga Bio 2002 de Bodegas Robles.<\/b><\/span><b>\u00a0<\/b><\/p>\n<hr \/>\n<p><font color=\"#993300\"><strong>EQUIPO FORMATIVO<\/strong><\/font><\/p>\n<p><span class=\"TextRun SCXW75657147 BCX9\" lang=\"ES-ES\" xml:lang=\"ES-ES\" data-contrast=\"auto\"><span class=\"NormalTextRun SCXW75657147 BCX9\">El equipo formativo est\u00e1 <\/span><span class=\"NormalTextRun SCXW75657147 BCX9\">protagonizado<\/span><span class=\"NormalTextRun SCXW75657147 BCX9\"> por <\/span><span class=\"NormalTextRun SCXW75657147 BCX9\">el <\/span><span class=\"NormalTextRun SpellingErrorV2Themed SCXW75657147 BCX9\">enocomunicador<\/span> <a href=\"https:\/\/www.instagram.com\/franleonwines\/\" target=\"_blank\" rel=\"noopener\"><b><span class=\"NormalTextRun SCXW75657147 BCX9\">Fran Le\u00f3n Mora<\/span><\/b><\/a><span class=\"NormalTextRun SCXW75657147 BCX9\">, con larga experiencia como catador de vinos<\/span><span class=\"NormalTextRun SCXW75657147 BCX9\">, <\/span><span class=\"NormalTextRun SCXW75657147 BCX9\">especializado en cata de vinos ecol\u00f3gicos<\/span><span class=\"NormalTextRun SCXW75657147 BCX9\"> y<\/span><span class=\"NormalTextRun SCXW75657147 BCX9\"> miembro del jurado de los premios internacionales <\/span><span class=\"NormalTextRun SpellingErrorV2Themed SCXW75657147 BCX9\">Ecoracimo<\/span><span class=\"NormalTextRun SCXW75657147 BCX9\">. Adem\u00e1s, est\u00e1 apoyado por el equipo<\/span><span class=\"NormalTextRun SCXW75657147 BCX9\"> docente de <\/span><span class=\"NormalTextRun SCXW75657147 BCX9\">Ecovalia<\/span><span class=\"NormalTextRun SCXW75657147 BCX9\">,<\/span> <span class=\"NormalTextRun SCXW75657147 BCX9\">que cuenta con amplia experiencia como formadores para el sector de la producci\u00f3n <\/span><span class=\"NormalTextRun SCXW75657147 BCX9\">ecol\u00f3gica<\/span><span class=\"NormalTextRun SCXW75657147 BCX9\"> y<\/span> <span class=\"NormalTextRun SCXW75657147 BCX9\">con <\/span><span class=\"NormalTextRun SCXW75657147 BCX9\">larga trayectoria profesional.\u00a0<\/span><\/span><span class=\"EOP SCXW75657147 BCX9\" data-ccp-props=\"{&quot;201341983&quot;:0,&quot;335551550&quot;:6,&quot;335551620&quot;:6,&quot;335559739&quot;:160,&quot;335559740&quot;:240}\">\u00a0<\/span><\/p>\n<hr \/>\n<p><font color=\"#993300\"><strong>CONTENIDOS DEL TEMARIO<\/strong><\/font><\/p>\n<p><span data-contrast=\"auto\">Los contenidos del curso Cata de Vinos Ecol\u00f3gicos son:\u00a0<\/span><span data-ccp-props=\"{&quot;201341983&quot;:0,&quot;335551550&quot;:6,&quot;335551620&quot;:6,&quot;335559739&quot;:160,&quot;335559740&quot;:240}\">\u00a0<\/span><\/p>\n<ul>\n<li data-leveltext=\"-\" data-font=\"Calibri\" data-listid=\"1\" data-list-defn-props=\"{&quot;335552541&quot;:1,&quot;335559684&quot;:-2,&quot;335559685&quot;:720,&quot;335559991&quot;:360,&quot;469769226&quot;:&quot;Calibri&quot;,&quot;469769242&quot;:[8226],&quot;469777803&quot;:&quot;left&quot;,&quot;469777804&quot;:&quot;-&quot;,&quot;469777815&quot;:&quot;hybridMultilevel&quot;}\" data-aria-posinset=\"1\" data-aria-level=\"1\"><span data-contrast=\"auto\">Introducci\u00f3n a la cata del vino<\/span><span data-ccp-props=\"{&quot;201341983&quot;:0,&quot;335551550&quot;:6,&quot;335551620&quot;:6,&quot;335559739&quot;:160,&quot;335559740&quot;:240}\">\u00a0<\/span><\/li>\n<li data-leveltext=\"-\" data-font=\"Calibri\" data-listid=\"1\" data-list-defn-props=\"{&quot;335552541&quot;:1,&quot;335559684&quot;:-2,&quot;335559685&quot;:720,&quot;335559991&quot;:360,&quot;469769226&quot;:&quot;Calibri&quot;,&quot;469769242&quot;:[8226],&quot;469777803&quot;:&quot;left&quot;,&quot;469777804&quot;:&quot;-&quot;,&quot;469777815&quot;:&quot;hybridMultilevel&quot;}\" data-aria-posinset=\"2\" data-aria-level=\"1\"><span data-contrast=\"auto\">Metodolog\u00eda de la t\u00e9cnica de la cata de vinos<\/span><span data-ccp-props=\"{&quot;201341983&quot;:0,&quot;335551550&quot;:6,&quot;335551620&quot;:6,&quot;335559739&quot;:160,&quot;335559740&quot;:240}\">\u00a0<\/span><\/li>\n<li data-leveltext=\"-\" data-font=\"Calibri\" data-listid=\"1\" data-list-defn-props=\"{&quot;335552541&quot;:1,&quot;335559684&quot;:-2,&quot;335559685&quot;:720,&quot;335559991&quot;:360,&quot;469769226&quot;:&quot;Calibri&quot;,&quot;469769242&quot;:[8226],&quot;469777803&quot;:&quot;left&quot;,&quot;469777804&quot;:&quot;-&quot;,&quot;469777815&quot;:&quot;hybridMultilevel&quot;}\" data-aria-posinset=\"3\" data-aria-level=\"1\"><span data-contrast=\"auto\">Las fases de la cata de vinos<\/span><span data-ccp-props=\"{&quot;201341983&quot;:0,&quot;335551550&quot;:6,&quot;335551620&quot;:6,&quot;335559739&quot;:160,&quot;335559740&quot;:240}\">\u00a0<\/span><\/li>\n<li data-leveltext=\"-\" data-font=\"Calibri\" data-listid=\"1\" data-list-defn-props=\"{&quot;335552541&quot;:1,&quot;335559684&quot;:-2,&quot;335559685&quot;:720,&quot;335559991&quot;:360,&quot;469769226&quot;:&quot;Calibri&quot;,&quot;469769242&quot;:[8226],&quot;469777803&quot;:&quot;left&quot;,&quot;469777804&quot;:&quot;-&quot;,&quot;469777815&quot;:&quot;hybridMultilevel&quot;}\" data-aria-posinset=\"3\" data-aria-level=\"1\"><span data-contrast=\"auto\">La conservaci\u00f3n del vino<\/span><span data-ccp-props=\"{&quot;201341983&quot;:0,&quot;335551550&quot;:6,&quot;335551620&quot;:6,&quot;335559739&quot;:160,&quot;335559740&quot;:240}\">\u00a0<\/span><\/li>\n<li data-leveltext=\"-\" data-font=\"Calibri\" data-listid=\"1\" data-list-defn-props=\"{&quot;335552541&quot;:1,&quot;335559684&quot;:-2,&quot;335559685&quot;:720,&quot;335559991&quot;:360,&quot;469769226&quot;:&quot;Calibri&quot;,&quot;469769242&quot;:[8226],&quot;469777803&quot;:&quot;left&quot;,&quot;469777804&quot;:&quot;-&quot;,&quot;469777815&quot;:&quot;hybridMultilevel&quot;}\" data-aria-posinset=\"3\" data-aria-level=\"1\"><span data-contrast=\"auto\">Catas tutoriales<\/span><span data-ccp-props=\"{&quot;201341983&quot;:0,&quot;335551550&quot;:6,&quot;335551620&quot;:6,&quot;335559739&quot;:160,&quot;335559740&quot;:240}\"> con vinos ecol\u00f3gicos<br \/>\n<\/span><\/li>\n<\/ul>\n<hr \/>\n<p><font color=\"#993300\"><strong>METODOLOG\u00cdA<\/strong><\/font><\/p>\n<p><span data-contrast=\"auto\">Para el dise\u00f1o de este curso online se ha definido una metodolog\u00eda que considera herramientas que facilitan el aprendizaje y la puesta en marcha de lo aprendido.\u00a0<\/span><span data-ccp-props=\"{&quot;201341983&quot;:0,&quot;335551550&quot;:6,&quot;335551620&quot;:6,&quot;335559739&quot;:160,&quot;335559740&quot;:240}\">\u00a0<\/span><\/p>\n<p><span data-contrast=\"auto\">El dise\u00f1o innovador de nuestra plataforma, Campus Ecovalia, facilita el aprendizaje de un modo ameno y eficiente. Este curso incluye 10 v\u00eddeos.<\/span><span data-ccp-props=\"{&quot;201341983&quot;:0,&quot;335551550&quot;:6,&quot;335551620&quot;:6,&quot;335559739&quot;:160,&quot;335559740&quot;:240}\">\u00a0<\/span><\/p>\n<p><span data-contrast=\"auto\">Durante todo el curso, el alumnado contar\u00e1 con un servicio permanente de tutor\u00eda personalizada a trav\u00e9s de la plataforma.\u00a0<\/span><span data-ccp-props=\"{&quot;201341983&quot;:0,&quot;335551550&quot;:6,&quot;335551620&quot;:6,&quot;335559739&quot;:160,&quot;335559740&quot;:240}\">\u00a0<\/span><\/p>\n<hr \/>\n<p><font color=\"#993300\"><strong>DURACI\u00d3N<\/strong><\/font><\/p>\n<p><span class=\"TextRun SCXW172024211 BCX9\" lang=\"ES-ES\" xml:lang=\"ES-ES\" data-contrast=\"auto\"><span class=\"NormalTextRun SCXW172024211 BCX9\">El inicio del curso ser\u00e1 el lunes 6 de febrero<\/span><span class=\"NormalTextRun SCXW172024211 BCX9\">, pudiendo realizar<\/span><span class=\"NormalTextRun SCXW172024211 BCX9\">se<\/span><span class=\"NormalTextRun SCXW172024211 BCX9\"> esta actividad a lo largo de<\/span><span class=\"NormalTextRun SCXW172024211 BCX9\"> todo el a\u00f1o 2023.<\/span><\/span><span class=\"EOP SCXW172024211 BCX9\" data-ccp-props=\"{&quot;201341983&quot;:0,&quot;335551550&quot;:6,&quot;335551620&quot;:6,&quot;335559739&quot;:160,&quot;335559740&quot;:240}\">\u00a0<\/span><\/p>\n<hr \/>\n<p><font color=\"#993300\"><strong>INSCRIPCI\u00d3N<\/strong><\/font><\/p>\n<p><span data-contrast=\"auto\">Solicitar la inscripci\u00f3n <\/span><a href=\"https:\/\/campus.ecovalia.org\/eva\/\"><b><span data-contrast=\"none\">AQU\u00cd<\/span><\/b><\/a><span data-contrast=\"auto\">.<\/span><span data-ccp-props=\"{&quot;201341983&quot;:0,&quot;335551550&quot;:6,&quot;335551620&quot;:6,&quot;335559739&quot;:160,&quot;335559740&quot;:240}\">\u00a0<\/span><\/p>\n<p><span data-contrast=\"auto\">M\u00e1s informaci\u00f3n: +34 955 018 961 y <\/span><a href=\"mailto:formacion@ecovalia.org\"><span data-contrast=\"none\">formacion@ecovalia.org<\/span><\/a><span data-contrast=\"none\">.<\/span><span data-ccp-props=\"{&quot;201341983&quot;:0,&quot;335551550&quot;:6,&quot;335551620&quot;:6,&quot;335559739&quot;:160,&quot;335559740&quot;:240}\">\u00a0<\/span><\/p>\n<p><span data-contrast=\"auto\">Si deseas una tarjeta regalo, ponte en contacto con nosotros.<\/span><span data-ccp-props=\"{&quot;201341983&quot;:0,&quot;335551550&quot;:6,&quot;335551620&quot;:6,&quot;335559739&quot;:160,&quot;335559740&quot;:240}\">\u00a0<\/span><\/p>\n<hr \/>\n<p><font color=\"#993300\"><strong>COSTE<\/strong><\/font><\/p>\n<p><span data-contrast=\"auto\">El coste del curso es de 65 euros (impuestos no incluidos). El precio incluye el uso del entorno virtual de aprendizaje (Campus Ecovalia), pack regalo de 3 botellas de vino ecol\u00f3gico (incluye portes s\u00f3lo pen\u00ednsula) y el acceso al contenido y servicio de tutor\u00eda personalizada.<\/span><span data-ccp-props=\"{&quot;201341983&quot;:0,&quot;335551550&quot;:6,&quot;335551620&quot;:6,&quot;335559739&quot;:160,&quot;335559740&quot;:240}\">\u00a0<\/span><\/p>\n<p><a href=\"https:\/\/campus.ecovalia.org\/eva\/wp-content\/uploads\/2023\/02\/Bases-Curso-Cata.pdf\" target=\"_blank\" rel=\"noopener\"><img loading=\"lazy\" class=\"aligncenter wp-image-6149 size-large\" src=\"https:\/\/campus.ecovalia.org\/eva\/wp-content\/uploads\/2021\/10\/Recurso-28-1024x62.png\" alt=\"bases-curso\" width=\"1024\" height=\"62\" srcset=\"https:\/\/campus.ecovalia.org\/eva\/wp-content\/uploads\/2021\/10\/Recurso-28-1024x62.png 1024w, https:\/\/campus.ecovalia.org\/eva\/wp-content\/uploads\/2021\/10\/Recurso-28-300x18.png 300w, https:\/\/campus.ecovalia.org\/eva\/wp-content\/uploads\/2021\/10\/Recurso-28-768x46.png 768w, https:\/\/campus.ecovalia.org\/eva\/wp-content\/uploads\/2021\/10\/Recurso-28-1536x92.png 1536w, https:\/\/campus.ecovalia.org\/eva\/wp-content\/uploads\/2021\/10\/Recurso-28-2048x123.png 2048w, https:\/\/campus.ecovalia.org\/eva\/wp-content\/uploads\/2021\/10\/Recurso-28-600x36.png 600w\" sizes=\"(max-width: 1024px) 100vw, 1024px\" \/><\/a><\/p>\n","protected":false},"excerpt":{"rendered":"<p>A trav\u00e9s de este curso online, aprender\u00e1s todo lo que debes saber para disfrutar m\u00e1s de los vinos ecol\u00f3gicos: c\u00f3mo descorchar una botella, realizar un an\u00e1lisis sensorial, c\u00f3mo debes conservarlo&#8230;<\/p>\n<p><span class=\"TextRun SCXW75657147 BCX9\" lang=\"ES-ES\" xml:lang=\"ES-ES\" data-contrast=\"auto\"><span class=\"NormalTextRun SCXW75657147 BCX9\">El <\/span><span class=\"NormalTextRun SpellingErrorV2Themed SCXW75657147 BCX9\">enocomunicador<\/span> <a href=\"https:\/\/www.instagram.com\/franleonwines\/\" target=\"_blank\" rel=\"noopener\"><b><span class=\"NormalTextRun SCXW75657147 BCX9\">Fran Le\u00f3n Mora<\/span><\/b><\/a><span class=\"NormalTextRun SCXW75657147 BCX9\">, <\/span><span class=\"NormalTextRun SCXW75657147 BCX9\">especializado en cata de vinos ecol\u00f3gicos, te guiar\u00e1 por esta apasionante y sostenible experiencia.<\/span><\/span><\/p>\n<p><span data-contrast=\"auto\">Adem\u00e1s, recibir\u00e1s un pack con vinos ecol\u00f3gicos premiados en 2022 en el \u00a0<a href=\"https:\/\/concursoecoracimo.ecovalia.org\/\" target=\"_blank\" rel=\"noopener\">Concurso EcoRacimo:<\/a><\/span><\/p>\n<ul>\n<li><span data-contrast=\"auto\">Vino joven \u2018Est\u00e1 por venir\u2019, de <b><a href=\"https:\/\/bodegapalomillo.es\" target=\"_blank\" rel=\"noopener\">Bodega Palomillo<\/a>. <\/b><\/span><\/li>\n<li><span data-contrast=\"auto\">Vino Murviedro Arts de Luna Organic Brut Nature, de <a href=\"https:\/\/murviedro.es\" target=\"_blank\" rel=\"noopener\"><b>Bodegas Murviedro.<\/b><\/a><\/span><\/li>\n<li><span data-contrast=\"auto\">Vino fino Piedra Luenga Bio 2002, de <b><a href=\"https:\/\/bodegasrobles.es\" target=\"_blank\" rel=\"noopener\">Bodegas Robles<\/a>.<\/b><\/span><span data-ccp-props=\"{&quot;201341983&quot;:0,&quot;335551550&quot;:6,&quot;335551620&quot;:6,&quot;335559739&quot;:160,&quot;335559740&quot;:240}\">\u00a0<\/span><\/li>\n<\/ul>\n<p>\u00a1Aprovecha esta oportunidad!\u00a0Precio lanzamiento hasta el 6 de enero de 2023.<\/p>\n","protected":false},"featured_media":6685,"comment_status":"closed","ping_status":"closed","template":"","meta":[],"product_cat":[],"product_tag":[],"_links":{"self":[{"href":"https:\/\/campus.ecovalia.org\/eva\/wp-json\/wp\/v2\/product\/6677"}],"collection":[{"href":"https:\/\/campus.ecovalia.org\/eva\/wp-json\/wp\/v2\/product"}],"about":[{"href":"https:\/\/campus.ecovalia.org\/eva\/wp-json\/wp\/v2\/types\/product"}],"replies":[{"embeddable":true,"href":"https:\/\/campus.ecovalia.org\/eva\/wp-json\/wp\/v2\/comments?post=6677"}],"wp:featuredmedia":[{"embeddable":true,"href":"https:\/\/campus.ecovalia.org\/eva\/wp-json\/wp\/v2\/media\/6685"}],"wp:attachment":[{"href":"https:\/\/campus.ecovalia.org\/eva\/wp-json\/wp\/v2\/media?parent=6677"}],"wp:term":[{"taxonomy":"product_cat","embeddable":true,"href":"https:\/\/campus.ecovalia.org\/eva\/wp-json\/wp\/v2\/product_cat?post=6677"},{"taxonomy":"product_tag","embeddable":true,"href":"https:\/\/campus.ecovalia.org\/eva\/wp-json\/wp\/v2\/product_tag?post=6677"}],"curies":[{"name":"wp","href":"https:\/\/api.w.org\/{rel}","templated":true}]}}