{"id":6582,"date":"2022-10-25T14:34:32","date_gmt":"2022-10-25T12:34:32","guid":{"rendered":"https:\/\/campus.ecovalia.org\/eva\/?post_type=product&#038;p=6582"},"modified":"2026-03-13T14:05:50","modified_gmt":"2026-03-13T13:05:50","slug":"curso-agricultura-ecologica","status":"publish","type":"product","link":"https:\/\/campus.ecovalia.org\/eva\/curso\/curso-agricultura-ecologica\/","title":{"rendered":"Curso Agricultura Ecol\u00f3gica"},"content":{"rendered":"<p><font color=\"#339966\"><strong>PRESENTACI\u00d3N<\/strong><\/font><\/p>\n<p>La Comisi\u00f3n Europea ha puesto en el centro de sus pol\u00edticas, a trav\u00e9s del Pacto Verde Europeo y sus Estrategias &#8220;Biodiversidad&#8221; y &#8220;De la &#8220;Granja a la Mesa&#8221;, la defensa del medio ambiente en general y el desarrollo del sector de la producci\u00f3n ecol\u00f3gica en particular, marc\u00e1ndose como objetivo para 2030 que el 25% de la superficie agraria \u00fatil (SAU) europea est\u00e9 certificada bajo la norma en producci\u00f3n ecol\u00f3gica. Por otra parte, el Plan Estrat\u00e9gico de la Pol\u00edtica Agr\u00edcola Com\u00fan en Espa\u00f1a, 2023-2027, apoya a las explotaciones que voluntariamente adquieran compromisos ambientales adicionales, concretamente se estima el incremento de un 34% del presupuesto para la producci\u00f3n ecol\u00f3gica.<\/p>\n<p>Por eso, desde <a href=\"https:\/\/www.ecovalia.org\/\">Ecovalia<\/a>, la asociaci\u00f3n profesional espa\u00f1ola de la producci\u00f3n ecol\u00f3gica, con una larga experiencia y trayectoria de m\u00e1s de 30 a\u00f1os, lanzamos este curso dirigido a profesionales que deseen dedicarse a este sector (agricultores\/as, ganaderos\/as\u2026).<\/p>\n<p>El sector de la producci\u00f3n ecol\u00f3gica es un sector en constante crecimiento que demanda profesionales formados y capaces de gestionar la finca agropecuaria bajo los criterios de la norma que la regula. \u00a0A trav\u00e9s de este curso, el alumnado conocer\u00e1 la producci\u00f3n ecol\u00f3gica, los pasos del proceso de certificaci\u00f3n, la regulaci\u00f3n en vigor y el reglamento actual y las pr\u00e1cticas utilizables bajo este sistema productivo.<\/p>\n<hr \/>\n<p><font color=\"#339966\"><strong>OBJETIVOS<\/strong><\/font><\/p>\n<p>Ofrecer los conocimientos necesarios para poder convertir su explotaci\u00f3n agropecuaria a la producci\u00f3n ecol\u00f3gica.<\/p>\n<hr \/>\n<p><font color=\"#339966\"><strong>DESTINATARIOS<\/strong><\/font><\/p>\n<p>Agricultores\/as que deseen convertir su explotaci\u00f3n a la producci\u00f3n ecol\u00f3gica.<\/p>\n<hr \/>\n<p><font color=\"#339966\"><strong>EQUIPO FORMATIVO<\/strong><\/font><\/p>\n<p>El equipo formativo est\u00e1 constituido por personal docente de Ecovalia, que cuenta con amplia experiencia como formadores para el sector de la producci\u00f3n ecol\u00f3gica, capacitaci\u00f3n y experiencia en la certificaci\u00f3n de alimentos ecol\u00f3gicos y una larga trayectoria profesional. Este equipo ha dise\u00f1ado la actividad formativa, elaborado los materiales docentes de este curso y, adem\u00e1s, atender\u00e1 las tutor\u00edas.<\/p>\n<hr \/>\n<p><font color=\"#339966\"><strong>CONTENIDOS DEL TEMARIO<\/strong><\/font><\/p>\n<p>Los contenidos del Curso Agricultura Ecol\u00f3gica son de elaboraci\u00f3n propia de Ecovalia a partir de la normativa en vigor de la UE para la producci\u00f3n ecol\u00f3gica, documentos de organismos oficiales y otras fuentes bibliogr\u00e1ficas reconocidas.<\/p>\n<ul>\n<li>Unidad 1. Introducci\u00f3n a la Producci\u00f3n Ecol\u00f3gica.<\/li>\n<li>Unidad 2. Proceso de Certificaci\u00f3n en Producci\u00f3n Ecol\u00f3gica.<\/li>\n<li>Unidad 3. Normas de Producci\u00f3n Ecol\u00f3gica y Sustancias Autorizadas.<\/li>\n<li>Unidad 4. Cultivos en Producci\u00f3n Ecol\u00f3gica.<\/li>\n<li>Unidad 5. Cuaderno de campo.<\/li>\n<\/ul>\n<hr \/>\n<p><font color=\"#339966\"><strong>METODOLOG\u00cdA<\/strong><\/font><\/p>\n<p>Para el dise\u00f1o del curso se han considerado herramientas que faciliten el aprendizaje y la puesta en marcha de lo aprendido.<\/p>\n<p>La metodolog\u00eda de este curso est\u00e1 basada en la ense\u00f1anza online para favorecer su accesibilidad al eliminar los inconvenientes derivados del lugar de residencia y flexibilizar los horarios, pudiendo conciliar la realizaci\u00f3n del curso con otras tareas profesionales y familiares.<\/p>\n<p>El dise\u00f1o innovador de nuestra plataforma, Campus Ecovalia, facilita el aprendizaje de un modo ameno y eficiente.<\/p>\n<p>El proceso de aprendizaje se dividir\u00e1 en una fase te\u00f3rica y una pr\u00e1ctica, a trav\u00e9s de las pruebas de evaluaci\u00f3n.<\/p>\n<p>Durante todo el curso, el alumnado contar\u00e1 con un servicio permanente de tutor\u00edas personalizadas a trav\u00e9s de la plataforma, individuales o grupales.<\/p>\n<hr \/>\n<p><font color=\"#339966\"><strong>DURACI\u00d3N<\/strong><\/font><\/p>\n<p>Este curso cuenta con <strong>40 horas lectivas. <\/strong>Cada participante decide su propio ritmo de aprendizaje.<\/p>\n<hr \/>\n<p><font color=\"#339966\"><strong>INSCRIPCI\u00d3N<\/strong><\/font><\/p>\n<p>Solicitar la inscripci\u00f3n <a href=\"https:\/\/campus.ecovalia.org\/eva\/\"><strong>AQU\u00cd<\/strong><\/a>.<\/p>\n<p>M\u00e1s informaci\u00f3n: +34 955 018 961 y <a href=\"mailto:formacion@ecovalia.org\">formacion@ecovalia.org<\/a>.<\/p>\n<hr \/>\n<p><font color=\"#339966\"><strong>COSTE<\/strong><\/font><\/p>\n<p>El coste del curso es de 150 euros (impuestos no incluidos). El precio incluye el uso del entorno virtual de aprendizaje (Campus Ecovalia) y el acceso al contenido y servicio de tutor\u00eda personalizada.<\/p>\n<p>Descuentos:<\/p>\n<ul>\n<li>Los miembros de Ecovalia pueden beneficiarse de un descuento y realizar el curso por un coste de 75\u20ac (impuestos no incluidos).<\/li>\n<li>Los estudiantes y las personas en situaci\u00f3n de desempleo, previa justificaci\u00f3n, se podr\u00e1n beneficiar de un descuento y realizar el curso por un coste de 75\u20ac (impuestos no incluidos).<\/li>\n<li>Existe la posibilidad de beneficiarse de un descuento para grupos. Si est\u00e1s interesado, ponte en contacto con nosotros.<\/li>\n<\/ul>\n<p>Los descuentos no ser\u00e1n acumulables.<\/p>\n<p>&nbsp;<\/p>\n<p><a href=\"https:\/\/campus.ecovalia.org\/eva\/wp-content\/uploads\/2024\/01\/Bases-Curso-AE.pdf\" target=\"_blank\" rel=\"noopener\"><img loading=\"lazy\" class=\"aligncenter wp-image-6149 size-large\" src=\"https:\/\/campus.ecovalia.org\/eva\/wp-content\/uploads\/2021\/10\/Recurso-28-1024x62.png\" alt=\"\" width=\"1024\" height=\"62\" srcset=\"https:\/\/campus.ecovalia.org\/eva\/wp-content\/uploads\/2021\/10\/Recurso-28-1024x62.png 1024w, https:\/\/campus.ecovalia.org\/eva\/wp-content\/uploads\/2021\/10\/Recurso-28-300x18.png 300w, https:\/\/campus.ecovalia.org\/eva\/wp-content\/uploads\/2021\/10\/Recurso-28-768x46.png 768w, https:\/\/campus.ecovalia.org\/eva\/wp-content\/uploads\/2021\/10\/Recurso-28-1536x92.png 1536w, https:\/\/campus.ecovalia.org\/eva\/wp-content\/uploads\/2021\/10\/Recurso-28-2048x123.png 2048w, https:\/\/campus.ecovalia.org\/eva\/wp-content\/uploads\/2021\/10\/Recurso-28-600x36.png 600w\" sizes=\"(max-width: 1024px) 100vw, 1024px\" \/><\/a><\/p>\n","protected":false},"excerpt":{"rendered":"<h3>Consulta las opciones de descuento<\/h3>\n","protected":false},"featured_media":6585,"comment_status":"closed","ping_status":"closed","template":"","meta":[],"product_cat":[],"product_tag":[],"_links":{"self":[{"href":"https:\/\/campus.ecovalia.org\/eva\/wp-json\/wp\/v2\/product\/6582"}],"collection":[{"href":"https:\/\/campus.ecovalia.org\/eva\/wp-json\/wp\/v2\/product"}],"about":[{"href":"https:\/\/campus.ecovalia.org\/eva\/wp-json\/wp\/v2\/types\/product"}],"replies":[{"embeddable":true,"href":"https:\/\/campus.ecovalia.org\/eva\/wp-json\/wp\/v2\/comments?post=6582"}],"wp:featuredmedia":[{"embeddable":true,"href":"https:\/\/campus.ecovalia.org\/eva\/wp-json\/wp\/v2\/media\/6585"}],"wp:attachment":[{"href":"https:\/\/campus.ecovalia.org\/eva\/wp-json\/wp\/v2\/media?parent=6582"}],"wp:term":[{"taxonomy":"product_cat","embeddable":true,"href":"https:\/\/campus.ecovalia.org\/eva\/wp-json\/wp\/v2\/product_cat?post=6582"},{"taxonomy":"product_tag","embeddable":true,"href":"https:\/\/campus.ecovalia.org\/eva\/wp-json\/wp\/v2\/product_tag?post=6582"}],"curies":[{"name":"wp","href":"https:\/\/api.w.org\/{rel}","templated":true}]}}