{"id":6406,"date":"2022-03-19T20:10:31","date_gmt":"2022-03-19T19:10:31","guid":{"rendered":"https:\/\/campus.ecovalia.org\/eva\/?post_type=product&#038;p=6406"},"modified":"2026-03-13T14:05:32","modified_gmt":"2026-03-13T13:05:32","slug":"6406","status":"publish","type":"product","link":"https:\/\/campus.ecovalia.org\/eva\/curso\/6406\/","title":{"rendered":"Posicionamiento en Ferias para Empresas Ecol\u00f3gicas"},"content":{"rendered":"<p><font color=\"#339966\"><strong>OBJETIVOS<\/strong><\/font><\/p>\n<ul>\n<li>Mejorar el conocimiento sobre las ferias como herramienta de promoci\u00f3n.<\/li>\n<li>Dotar de organizaci\u00f3n a las empresas que vayan por primera vez a una feria o que tengan experiencia y quieran mejorarla.<\/li>\n<li>Analizar los diferentes instrumentos con los que una empresa puede llegar a sacar m\u00e1s provecho a su participaci\u00f3n en una feria.<\/li>\n<li>Aumentar la visibilidad de nuestra empresa en el mercado.<\/li>\n<\/ul>\n<hr \/>\n<p><font color=\"#339966\"><strong>DESTINATARIOS<\/strong><\/font><\/p>\n<p>El curso est\u00e1 dirigido tanto a profesionales del sector de la producci\u00f3n ecol\u00f3gica, que tengan experiencia en la participaci\u00f3n en ferias, como a empresas emergentes que quieran abrirse mercado, ya sea en el \u00e1mbito nacional o internacional.<\/p>\n<hr \/>\n<p><font color=\"#339966\"><strong>EQUIPO FORMATIVO<\/strong><\/font><\/p>\n<p>El equipo formativo est\u00e1 constituido por personal de Ecovalia con una amplia experiencia en formaci\u00f3n en el sector de la producci\u00f3n ecol\u00f3gica. Personal capacitado y con experiencia en la promoci\u00f3n de alimentos ecol\u00f3gicos y una larga trayectoria profesional en producci\u00f3n ecol\u00f3gica. El equipo ha dise\u00f1ado el curso, ha elaborado los materiales docentes y atender\u00e1 las tutor\u00edas y el foro.<\/p>\n<p>La secretar\u00eda t\u00e9cnica se gestionar\u00e1 a trav\u00e9s del \u00c1rea de Formaci\u00f3n de Ecovalia, que cuenta con 25 a\u00f1os de experiencia en acciones de formaci\u00f3n y capacitaci\u00f3n dirigidas especialmente al sector profesional de la producci\u00f3n ecol\u00f3gica en Espa\u00f1a.<\/p>\n<hr \/>\n<p><font color=\"#339966\"><strong>CONTENIDOS<\/strong><\/font><\/p>\n<p>Los contenidos se han elaborado por personal altamente conocedor de la tem\u00e1tica y del sector de la producci\u00f3n ecol\u00f3gica, utilizando documentos de organismos oficiales, as\u00ed como de otras fuentes reconocidas, adem\u00e1s de documentos obtenidos gracias a nuestra actividad de representaci\u00f3n en distintos foros nacionales e internacionales.<\/p>\n<hr \/>\n<p><font color=\"#339966\"><strong>TEMARIO<\/strong><\/font><\/p>\n<p>El temario est\u00e1 dividido en tres m\u00f3dulos donde podremos ver los siguientes temas.<\/p>\n<ol>\n<li>Introducci\u00f3n.<\/li>\n<li>Tipos de ferias y participaci\u00f3n.<\/li>\n<li>La selecci\u00f3n de la feria seg\u00fan los objetivos de la empresa.<\/li>\n<li>La preparaci\u00f3n de la feria.<\/li>\n<li>La participaci\u00f3n en la feria.<\/li>\n<li>Seguimiento de los contactos.<\/li>\n<li>Recomendaciones y conclusiones.<\/li>\n<li>Caso pr\u00e1ctico.<\/li>\n<\/ol>\n<hr \/>\n<p><font color=\"#339966\"><strong>METODOLOG\u00cdA<\/strong><\/font><\/p>\n<p>La metodolog\u00eda est\u00e1 basada en la ense\u00f1anza online, que favorece su accesibilidad al eliminar los inconvenientes derivados del lugar de residencia y flexibilizar los horarios, permitiendo as\u00ed conciliar la realizaci\u00f3n del curso con otras tareas profesionales y familiares.<\/p>\n<p>El dise\u00f1o innovador de nuestra plataforma, Campus Ecovalia, facilita el aprendizaje de un modo ameno y eficiente.<\/p>\n<p>El curso cuenta con una fase te\u00f3rica, con una prueba tipo test, y una fase pr\u00e1ctica, en la que se llevar\u00e1 a cabo un ejercicio en el que el alumnado tendr\u00e1 que plasmar los conocimientos adquiridos sobre un caso propuesto.<\/p>\n<p>Durante todo el proceso de aprendizaje, el alumnado contar\u00e1 con un <strong>servicio permanente de tutor\u00edas<\/strong> a trav\u00e9s de <strong>videoconferencias<\/strong>, tanto individuales como grupales. Adem\u00e1s, tendr\u00e1 acceso al <strong>foro del curso<\/strong>, donde el tutor compartir\u00e1 informaci\u00f3n extra al contenido de los m\u00f3dulos que pueda ser de inter\u00e9s. Igualmente, el alumnado dispondr\u00e1 de un <strong>servicio de atenci\u00f3n directa<\/strong> a trav\u00e9s de correo electr\u00f3nico.<\/p>\n<hr \/>\n<p><font color=\"#339966\"><strong>DURACI\u00d3N<\/strong><\/font><\/p>\n<p>El curso cuenta con <strong>20 horas lectivas<\/strong>, si bien cada participante decidir\u00e1 su propio ritmo de aprendizaje.<\/p>\n<hr \/>\n<p><font color=\"#339966\"><strong>INSCRIPCI\u00d3N<\/strong><\/font><\/p>\n<p>Solicitar la inscripci\u00f3n <a href=\"https:\/\/campus.ecovalia.org\/eva\/\"><strong>AQU\u00cd<\/strong><\/a>.<\/p>\n<p>M\u00e1s informaci\u00f3n: +34 955 018 961 y <a href=\"mailto:formacion@ecovalia.org\">formacion@ecovalia.org<\/a><\/p>\n<hr \/>\n<p><font color=\"#339966\"><strong>COSTE<\/strong><\/font><\/p>\n<p>El coste del curso es de 190 euros (impuestos no incluidos). El precio incluye el uso del entorno virtual de aprendizaje (Campus Ecovalia) y el acceso al contenido, as\u00ed como el servicio de tutor\u00edas a trav\u00e9s de videoconferencias y correo electr\u00f3nico.<\/p>\n<p>Descuentos:<\/p>\n<ul>\n<li>Los miembros de Ecovalia pueden beneficiarse de un descuento y realizar el curso por un coste de 100\u20ac.<\/li>\n<li>Los estudiantes y las personas en situaci\u00f3n de desempleo, condici\u00f3n que justificar\u00e1n previamente, podr\u00e1n disfrutar de un 10% de descuento.<\/li>\n<\/ul>\n<p>Los descuentos no ser\u00e1n acumulables.<\/p>\n<p>Si est\u00e1 usted interesado en aplicarse alguno de estos descuentos, solicite su cup\u00f3n a trav\u00e9s de nuestro <a href=\"https:\/\/campus.ecovalia.org\/eva\/contact\/\">formulario de contacto<\/a>. antes de formalizar la matr\u00edcula del curso.<\/p>\n<p><a href=\"https:\/\/campus.ecovalia.org\/eva\/wp-content\/uploads\/2022\/03\/Bases-Curso-Ferias.pdf\" target=\"_blank\" rel=\"noopener\"><img class=\"aligncenter\" src=\"https:\/\/campus.ecovalia.org\/eva\/wp-content\/uploads\/2021\/10\/Recurso-28-1024x62.png\" \/><\/a><\/p>\n","protected":false},"excerpt":{"rendered":"<p><font color=\"#339966\"><strong>PRESENTACI\u00d3N<\/strong><\/font><\/p>\n<p>El mercado de productos ecol\u00f3gicos se ha incrementado en un 13% en los \u00faltimos a\u00f1os y las ferias profesionales se presentan como una oportunidad de crecimiento para las empresas del sector. \u00bfSabes c\u00f3mo preparar la asistencia a un evento de estas caracter\u00edsticas? \u00bfConoces los aspectos que hay que tener en cuenta cuando participas en una cita nacional o internacional? Tras acudir a estos encuentros \u00bfdedicas tiempo a analizar la consecuci\u00f3n de los objetivos propuestos?<\/p>\n<p>El curso online \u2018Posicionamiento en ferias para empresas ecol\u00f3gicas\u2019 es una iniciativa de Ecovalia que tiene como objetivo presentar a las empresas las herramientas que tienen a su alcance para planificar su presencia en ferias profesionales.<\/p>\n<p>La acci\u00f3n formativa tiene un enfoque te\u00f3rico-pr\u00e1ctico y, a lo largo de los diferentes m\u00f3dulos, se analizar\u00e1n todas y cada una de las cuestiones y herramientas disponibles para que nuestra presencia en una feria profesional sea rentable.<\/p>\n<p>Por eso, <a href=\"https:\/\/www.ecovalia.org\/\">Ecovalia<\/a>, la asociaci\u00f3n profesional espa\u00f1ola de la producci\u00f3n ecol\u00f3gica, con una larga experiencia y trayectoria de m\u00e1s de 30 a\u00f1os de servicio en este sector lanza este curso dirigido a profesionales que deseen mejorar su formaci\u00f3n.<\/p>\n<p>&nbsp;<\/p>\n","protected":false},"featured_media":6390,"comment_status":"closed","ping_status":"closed","template":"","meta":[],"product_cat":[],"product_tag":[],"_links":{"self":[{"href":"https:\/\/campus.ecovalia.org\/eva\/wp-json\/wp\/v2\/product\/6406"}],"collection":[{"href":"https:\/\/campus.ecovalia.org\/eva\/wp-json\/wp\/v2\/product"}],"about":[{"href":"https:\/\/campus.ecovalia.org\/eva\/wp-json\/wp\/v2\/types\/product"}],"replies":[{"embeddable":true,"href":"https:\/\/campus.ecovalia.org\/eva\/wp-json\/wp\/v2\/comments?post=6406"}],"wp:featuredmedia":[{"embeddable":true,"href":"https:\/\/campus.ecovalia.org\/eva\/wp-json\/wp\/v2\/media\/6390"}],"wp:attachment":[{"href":"https:\/\/campus.ecovalia.org\/eva\/wp-json\/wp\/v2\/media?parent=6406"}],"wp:term":[{"taxonomy":"product_cat","embeddable":true,"href":"https:\/\/campus.ecovalia.org\/eva\/wp-json\/wp\/v2\/product_cat?post=6406"},{"taxonomy":"product_tag","embeddable":true,"href":"https:\/\/campus.ecovalia.org\/eva\/wp-json\/wp\/v2\/product_tag?post=6406"}],"curies":[{"name":"wp","href":"https:\/\/api.w.org\/{rel}","templated":true}]}}