{"id":6089,"date":"2021-10-26T16:46:08","date_gmt":"2021-10-26T14:46:08","guid":{"rendered":"https:\/\/campus.ecovalia.org\/eva\/?post_type=product&#038;p=6089"},"modified":"2024-11-06T14:09:13","modified_gmt":"2024-11-06T13:09:13","slug":"implantacion-del-sistema-de-autocontrol-en-la-empresa-ecologica","status":"publish","type":"product","link":"https:\/\/campus.ecovalia.org\/eva\/curso\/implantacion-del-sistema-de-autocontrol-en-la-empresa-ecologica\/","title":{"rendered":"Implantaci\u00f3n del Sistema de Autocontrol en la Empresa Ecol\u00f3gica"},"content":{"rendered":"<h3><font color=\"#00ae19\">PRESENTACI\u00d3N<\/font><\/h3>\n<p>La Comisio\u0301n Europea ha puesto en el centro de sus poli\u0301ticas, a trave\u0301s del Pacto Verde Europeo y sus Estrategias de la Biodiversidad y de la Granja a la Mesa, la defensa del medio ambiente en general y el desarrollo del sector de la produccio\u0301n ecolo\u0301gica en particular, marca\u0301ndose como objetivo para 2030 que el 25% de la superficie agraria u\u0301til europea este\u0301 certificada bajo la norma en produccio\u0301n ecolo\u0301gica.<\/p>\n<p>El sector de la produccio\u0301n ecolo\u0301gica es un sector en constante crecimiento que demanda cada vez ma\u0301s profesionales formados y capaces de tutelar a empresas agrarias, ganaderas e industrias alimentarias dedicadas al sector ecolo\u0301gico o interesadas en dedicarse al mismo.<\/p>\n<p>Los profesionales del sector agroalimentario deben estar preparados para este reto. Por eso, desde Ecovalia, asociacio\u0301n profesional espan\u0303ola de la produccio\u0301n ecolo\u0301gica con una larga experiencia y trayectoria de ma\u0301s 30 an\u0303os de servicio hacia este sector productivo, gracias a la plataforma \u201cCampus Ecovalia\u201d, lanzamos este curso dirigido especialmente a auditores internos y profesionales que trabajen en el sector ecolo\u0301gico o deseen dedicarse a e\u0301l.<\/p>\n<hr \/>\n<h3><font color=\"#00ae19\">OBJETIVOS<\/font><\/h3>\n<ol>\n<li>Ofrecer al participante los conocimientos necesarios para estar al d\u00eda sobre la producci\u00f3n ecol\u00f3gica<\/li>\n<li>Dar a conocer al participante la regulaci\u00f3n en vigor sobre producci\u00f3n ecol\u00f3gica en la UE y el proceso de certificaci\u00f3n de estos alimentos.<\/li>\n<li>Capacitar al participante para la puesta en marcha de un sistema de autocontrol basado en la evaluaci\u00f3n de riesgos para una empresa ecol\u00f3gica certificada bajo la norma UE.<\/li>\n<\/ol>\n<hr \/>\n<h3><font color=\"#00ae19\">DESTINATARIOS<\/font><\/h3>\n<ul>\n<li>Auditores internos de los sistemas de autocontrol de empresas agroalimentarias ecol\u00f3gicas, as\u00ed como de empresas interesadas en el sector ecol\u00f3gico.<\/li>\n<li>Profesionales y personal t\u00e9cnico interesado en realizar trabajos de asesoramiento para la norma UE en producci\u00f3n ecol\u00f3gica en Espa\u00f1a.<\/li>\n<\/ul>\n<hr \/>\n<h3><font color=\"#00ae19\">EQUIPO FORMATIVO<\/font><\/h3>\n<p>El equipo formativo del curso est\u00e1 constituido por personal docente de Ecovalia que cuenta con amplia experiencia como formadores, espec\u00edficamente para el sector de la producci\u00f3n ecol\u00f3gica, capacitaci\u00f3n y experiencia en la certificaci\u00f3n de alimentos ecol\u00f3gicos y una larga trayectoria profesional en torno al sector de la producci\u00f3n ecol\u00f3gica. Este equipo ha dise\u00f1ado la actividad formativa, ha elaborado los materiales docentes de este curso, impartir\u00e1 las clases magistrales de los v\u00eddeos, evaluar\u00e1 los estudios de caso y atender\u00e1 las tutor\u00edas y el foro.<\/p>\n<p>La secretar\u00eda t\u00e9cnica ser\u00e1 gestionada a trav\u00e9s del \u00c1rea de Formaci\u00f3n de Ecovalia, quien cuenta con m\u00e1s 25 a\u00f1os de experiencia en formaci\u00f3n y capacitaci\u00f3n dirigida especialmente al sector profesional de la producci\u00f3n ecol\u00f3gica.<\/p>\n<hr \/>\n<h3><font color=\"#00ae19\">CONTENIDOS DEL TEMARIO<\/font><\/h3>\n<p>Los contenidos son de elaboraci\u00f3n propia a partir de la normativa en vigor de la UE para la producci\u00f3n ecol\u00f3gica, documentos de organismos oficiales y de otras fuentes reconocidas, adem\u00e1s de documentos obtenidos gracias a nuestra actividad de representaci\u00f3n en distintos foros a nivel nacional e internacional.<\/p>\n<p style=\"padding-left: 40px\"><b>M\u00d3DULO 1. LA PRODUCCI\u00d3N ECOL\u00d3GICA<\/b><\/p>\n<ul>\n<li style=\"list-style-type: none\">\n<ul>\n<li>Unidad 1. La Producci\u00f3n Ecol\u00f3gica<\/li>\n<li>Unidad 2. Estad\u00edsticas<\/li>\n<li>Unidad 3. Pol\u00edticas<\/li>\n<li>Unidad 4. Mercados<\/li>\n<\/ul>\n<\/li>\n<\/ul>\n<p style=\"padding-left: 40px\"><b>M\u00d3DULO 2. REGULACI\u00d3N EN PRODUCCI\u00d3N ECOL\u00d3GICA Y CERTIFICACI\u00d3N DE ALIMENTOS<\/b><\/p>\n<ul>\n<li style=\"list-style-type: none\">\n<ul>\n<li>Unidad 1. Norma UE<\/li>\n<li>Unidad 2. Otras normas<\/li>\n<li>Unidad 3. Proceso de certificaci\u00f3n<\/li>\n<\/ul>\n<\/li>\n<\/ul>\n<p style=\"padding-left: 40px\"><b>M\u00d3DULO 3. EL SISTEMA DE AUTOCONTROL DE LA EMPRESA ECOL\u00d3GICA<\/b><\/p>\n<ul>\n<li style=\"list-style-type: none\">\n<ul>\n<li>Unidad 1. Sistema de autocontrol<\/li>\n<li>Unidad 2. C\u00f3mo estar preparado para recibir una auditor\u00eda<\/li>\n<li>Unidad 3. C\u00f3mo responder a un incumplimiento<\/li>\n<\/ul>\n<\/li>\n<\/ul>\n<hr \/>\n<h3><font color=\"#00ae19\">METODOLOG\u00cdA<\/font><\/h3>\n<p>Para el dise\u00f1o del curso se han considerado herramientas metodol\u00f3gicas que faciliten el aprendizaje y la puesta en marcha de lo aprendido.<\/p>\n<p>La metodolog\u00eda de este curso est\u00e1 basada en la ense\u00f1anza online para favorecer su accesibilidad al eliminar los inconvenientes derivados del lugar de residencia y flexibilizar los horarios, pudiendo conciliar la realizaci\u00f3n del curso con otras tareas profesionales y familiares.<\/p>\n<p>El dise\u00f1o innovador de nuestra plataforma, Campus Ecovalia, facilita el aprendizaje de un modo ameno y eficiente.<\/p>\n<p>El proceso de aprendizaje se dividir\u00e1 en una fase te\u00f3rica y una fase pr\u00e1ctica a trav\u00e9s de la realizaci\u00f3n de estudios de caso. Se incluyen v\u00eddeos de clases magistrales.<\/p>\n<p>Durante todo el proceso de aprendizaje, el alumnado contar\u00e1 con un servicio permanente de tutor\u00eda, a trav\u00e9s de v\u00eddeo conferencias y el foro del curso, y un servicio de atenci\u00f3n, a trav\u00e9s de mail y tel\u00e9fono.<\/p>\n<hr \/>\n<h3><font color=\"#00ae19\">DURACI\u00d3N<\/font><\/h3>\n<p>Este curso cuenta con <b>80 horas lectivas<\/b>. Cada participante del curso decide su propio ritmo de aprendizaje.<\/p>\n<hr \/>\n<h3><font color=\"#00ae19\">INSCRIPCI\u00d3N<\/font><\/h3>\n<p>Solicitar la inscripci\u00f3n en esta Web, a trav\u00e9s de nuestro <a href=\"https:\/\/campus.ecovalia.org\/eva\/contact\/\">formulario de contacto<\/a>.<br \/>\nM\u00e1s informaci\u00f3n: +34 955 018 961, +34 608 812 946 y <a href=\"mailto:formacion@ecovalia.org\">formacion@ecovalia.org<\/a>.<\/p>\n<hr \/>\n<h3><font color=\"#00ae19\">COSTE<\/font><\/h3>\n<div class=\"page\" title=\"Page 3\">\n<div class=\"layoutArea\">\n<div class=\"column\">\n<p>El coste del curso es de 620 \u20ac (impuestos no incluidos). El precio incluye el uso del entorno virtual de aprendizaje y su acceso al contenido, visionado de las clases magistrales y vi\u0301deos, acceso a los estudios de caso y servicio de tutori\u0301a.<\/p>\n<p>Accio\u0301n bonificable al 100% a trave\u0301s de FUNDAE. Descuentos:<\/p>\n<ul>\n<li>Los miembros de Ecovalia pueden beneficiarse de un descuento y realizar el curso por un coste de 500 \u20ac.<\/li>\n<li>Desde la segunda inscripcio\u0301n enviada por la misma empresa para la misma convocatoria del curso, se podra\u0301\u00a0aplicar un descuento del 10%.<\/li>\n<li>Las personas en situacio\u0301n de desempleo, estudiantes, o recie\u0301n licenciados dispondra\u0301n de un 10% de\u00a0descuento (para acceder a este descuento se solicitara\u0301 documentacio\u0301n acreditativa). Los descuentos no podra\u0301n ser acumulables.<\/li>\n<\/ul>\n<\/div>\n<\/div>\n<\/div>\n<p>Los descuentos no podr\u00e1n ser acumulables.<\/p>\n<p>Si est\u00e1 usted interesado en aplicarse alguno de estos descuentos o bonificaci\u00f3n FUNDAE, solicite su cup\u00f3n a trav\u00e9s de nuestro <a href=\"https:\/\/campus.ecovalia.org\/eva\/contact\/\">formulario de contacto<\/a>.\u00a0antes de formalizar la matr\u00edcula del curso.<\/p>\n<p>&nbsp;<\/p>\n<p><a href=\"https:\/\/campus.ecovalia.org\/eva\/wp-content\/uploads\/2022\/01\/Bases-Curso-Implantacion_Espana.pdf\" target=\"_blank\" rel=\"noopener\"><img loading=\"lazy\" class=\"aligncenter wp-image-6149 size-large\" src=\"https:\/\/campus.ecovalia.org\/eva\/wp-content\/uploads\/2021\/10\/Recurso-28-1024x62.png\" alt=\"\" width=\"1024\" height=\"62\" srcset=\"https:\/\/campus.ecovalia.org\/eva\/wp-content\/uploads\/2021\/10\/Recurso-28-1024x62.png 1024w, https:\/\/campus.ecovalia.org\/eva\/wp-content\/uploads\/2021\/10\/Recurso-28-300x18.png 300w, https:\/\/campus.ecovalia.org\/eva\/wp-content\/uploads\/2021\/10\/Recurso-28-768x46.png 768w, https:\/\/campus.ecovalia.org\/eva\/wp-content\/uploads\/2021\/10\/Recurso-28-1536x92.png 1536w, https:\/\/campus.ecovalia.org\/eva\/wp-content\/uploads\/2021\/10\/Recurso-28-2048x123.png 2048w, https:\/\/campus.ecovalia.org\/eva\/wp-content\/uploads\/2021\/10\/Recurso-28-600x36.png 600w\" sizes=\"(max-width: 1024px) 100vw, 1024px\" \/><\/a><\/p>\n","protected":false},"excerpt":{"rendered":"<div class=\"page\" title=\"Page 1\">\n<div class=\"layoutArea\">\n<div class=\"column\">\n<p>A trave\u0301s de este curso, el alumnado conocera\u0301 el sector de la produccio\u0301n ecolo\u0301gica, los pasos del proceso de certificacio\u0301n y la regulacio\u0301n normativa en vigor respecto a la produccio\u0301n ecolo\u0301gica europea, culminando con la capacitacio\u0301n para la puesta en marcha de un sistema de autocontrol basado en la evaluacio\u0301n de riesgos de la empresa ecolo\u0301gica.<\/p>\n<p>El alumnado podra\u0301 optar a la bolsa de trabajo de Ecovalia, que se confeccionara\u0301 con aquellos que asi\u0301 lo deseen y cuenten con la mayor puntuacio\u0301n en las evaluaciones.<\/p>\n<\/div>\n<\/div>\n<\/div>\n","protected":false},"featured_media":6360,"comment_status":"closed","ping_status":"closed","template":"","meta":[],"product_cat":[18],"product_tag":[],"_links":{"self":[{"href":"https:\/\/campus.ecovalia.org\/eva\/wp-json\/wp\/v2\/product\/6089"}],"collection":[{"href":"https:\/\/campus.ecovalia.org\/eva\/wp-json\/wp\/v2\/product"}],"about":[{"href":"https:\/\/campus.ecovalia.org\/eva\/wp-json\/wp\/v2\/types\/product"}],"replies":[{"embeddable":true,"href":"https:\/\/campus.ecovalia.org\/eva\/wp-json\/wp\/v2\/comments?post=6089"}],"wp:featuredmedia":[{"embeddable":true,"href":"https:\/\/campus.ecovalia.org\/eva\/wp-json\/wp\/v2\/media\/6360"}],"wp:attachment":[{"href":"https:\/\/campus.ecovalia.org\/eva\/wp-json\/wp\/v2\/media?parent=6089"}],"wp:term":[{"taxonomy":"product_cat","embeddable":true,"href":"https:\/\/campus.ecovalia.org\/eva\/wp-json\/wp\/v2\/product_cat?post=6089"},{"taxonomy":"product_tag","embeddable":true,"href":"https:\/\/campus.ecovalia.org\/eva\/wp-json\/wp\/v2\/product_tag?post=6089"}],"curies":[{"name":"wp","href":"https:\/\/api.w.org\/{rel}","templated":true}]}}