{"id":6085,"date":"2021-10-26T16:43:52","date_gmt":"2021-10-26T14:43:52","guid":{"rendered":"https:\/\/campus.ecovalia.org\/eva\/?post_type=product&#038;p=6085"},"modified":"2026-03-13T14:05:20","modified_gmt":"2026-03-13T13:05:20","slug":"la-produccion-ecologica-en-espana","status":"publish","type":"product","link":"https:\/\/campus.ecovalia.org\/eva\/curso\/la-produccion-ecologica-en-espana\/","title":{"rendered":"La Producci\u00f3n Ecol\u00f3gica en Espa\u00f1a"},"content":{"rendered":"<h3><font color=\"#339966\"><strong>PRESENTACI\u00d3N<\/strong><\/font><\/h3>\n<p>La Comisi\u00f3n Europea ha puesto en el centro de sus pol\u00edticas, a trav\u00e9s del Pacto Verde Europeo y sus Estrategias `Biodiversidad\u00b4 y `De la Granja a la Mesa\u00b4, la defensa del medio ambiente en general y el desarrollo del sector de la producci\u00f3n ecol\u00f3gica en particular, marc\u00e1ndose como objetivo para 2030 que el 25% de la superficie agraria \u00fatil europea est\u00e9 certificada bajo la norma en producci\u00f3n ecol\u00f3gica.<\/p>\n<p>Por eso, desde <a href=\"https:\/\/www.ecovalia.org\/\">Ecovalia<\/a>, asociaci\u00f3n profesional de la producci\u00f3n ecol\u00f3gica, referente en Espa\u00f1a, con una larga experiencia y trayectoria de 30 a\u00f1os, lanzamos este curso dirigido a profesionales que trabajen para empresas que deseen dedicarse a este sector.<\/p>\n<hr \/>\n<h3><font color=\"#339966\"><strong>OBJETIVOS<\/strong><\/font><\/h3>\n<p>Ofrecer al participante los conocimientos necesarios para estar al d\u00eda sobre la producci\u00f3n ecol\u00f3gica.<\/p>\n<hr \/>\n<h3><font color=\"#339966\"><strong>DESTINATARIOS<\/strong><\/font><\/h3>\n<p>Profesionales y personal t\u00e9cnico interesados en conocer el panorama de la producci\u00f3n ecol\u00f3gica y as\u00ed poder iniciar un proyecto en este sector.<\/p>\n<hr \/>\n<h3><font color=\"#339966\"><strong>EQUIPO FORMATIVO<\/strong><\/font><\/h3>\n<p>El equipo formativo est\u00e1 constituido por personal docente de Ecovalia, que cuenta con amplia experiencia como formadores para el sector de la producci\u00f3n ecol\u00f3gica, capacitaci\u00f3n y experiencia en la certificaci\u00f3n de alimentos ecol\u00f3gicos y una larga trayectoria profesional. Este equipo ha dise\u00f1ado la actividad formativa, ha elaborado los materiales docentes de este curso, impartir\u00e1 las clases magistrales online y atender\u00e1 las tutor\u00edas y el foro. (Si en el siguiente p\u00e1rrafo decimos que el material es de elaboraci\u00f3n propia sobra decirlo tambi\u00e9n aqu\u00ed)<\/p>\n<p>La secretar\u00eda t\u00e9cnica ser\u00e1 gestionada a trav\u00e9s del \u00c1rea de Formaci\u00f3n de Ecovalia, quien cuenta con 25 a\u00f1os de experiencia en formaci\u00f3n y capacitaci\u00f3n del sector profesional de la producci\u00f3n ecol\u00f3gica en Espa\u00f1a.<\/p>\n<hr \/>\n<h3><font color=\"#339966\"><strong>CONTENIDOS DEL TEMARIO<\/strong><\/font><\/h3>\n<p>Los contenidos son de elaboraci\u00f3n propia a partir de la normativa en vigor de la UE para la producci\u00f3n ecol\u00f3gica, documentos de organismos oficiales y de otras fuentes reconocidas, adem\u00e1s de material obtenidos gracias a nuestra actividad de representaci\u00f3n en distintos foros espa\u00f1oles e internacionales.<\/p>\n<p><strong>CURSO LA PRODUCCI\u00d3N ECOL\u00d3GICA EN ESPA\u00d1A<\/strong><\/p>\n<ul>\n<li>Unidad 1. La Producci\u00f3n Ecol\u00f3gica.<\/li>\n<li>Unidad 2. Estad\u00edsticas.<\/li>\n<li>Unidad 3. Pol\u00edticas.<\/li>\n<li>Unidad 4. Mercados.<\/li>\n<li>Unidad 5. Norma UE.<\/li>\n<\/ul>\n<hr \/>\n<h3><font color=\"#339966\"><strong>METODOLOG\u00cdA<\/strong><\/font><\/h3>\n<p>Para el dise\u00f1o del curso se han considerado herramientas que faciliten el aprendizaje y la puesta en marcha de lo aprendido.<\/p>\n<p>La metodolog\u00eda de este curso est\u00e1 basada en la ense\u00f1anza online para favorecer su accesibilidad al eliminar los inconvenientes derivados del lugar de residencia y flexibilizar los horarios, pudiendo conciliar la realizaci\u00f3n del curso con otras tareas profesionales y familiares.<\/p>\n<p>El dise\u00f1o innovador de nuestra plataforma, Campus Ecovalia, facilita el aprendizaje de un modo ameno y eficiente.<\/p>\n<p>El proceso de aprendizaje se dividir\u00e1 en una fase te\u00f3rica y una pr\u00e1ctica, a trav\u00e9s de las pruebas de evaluaci\u00f3n. Se incluyen v\u00eddeos de clases magistrales.<\/p>\n<p>Durante todo el curso el alumnado contar\u00e1 con un servicio permanente de tutor\u00eda a trav\u00e9s de videoconferencias, tanto individuales como grupales. Adem\u00e1s, tiene a su disposici\u00f3n el foro, donde el tutor compartir\u00e1 informaci\u00f3n extra al contenido de esta actividad que pueda ser de inter\u00e9s para el alumnado. Igualmente, el alumnado cuenta con un servicio de atenci\u00f3n, a trav\u00e9s de correo electr\u00f3nico.<\/p>\n<hr \/>\n<h3><font color=\"#339966\"><strong>DURACI\u00d3N<\/strong><\/font><\/h3>\n<p>Este curso cuenta con <strong>25 horas lectivas<\/strong>, si bien cada participante define su ritmo.<\/p>\n<hr \/>\n<h3><font color=\"#339966\"><strong>INSCRIPCI\u00d3N<\/strong><\/font><\/h3>\n<p>Solicitar la inscripci\u00f3n <a href=\"https:\/\/campus.ecovalia.org\/eva\/\"><strong>AQU\u00cd<\/strong><\/a>.<\/p>\n<p>M\u00e1s informaci\u00f3n: +34 955 018 961 y <a href=\"mailto:formacion@ecovalia.org\">formacion@ecovalia.org<\/a><\/p>\n<hr \/>\n<h3><font color=\"#339966\"><strong>COSTE<\/strong><\/font><\/h3>\n<p>El coste del curso es de 190 euros (impuestos no incluidos). El precio incluye el uso del entorno virtual de aprendizaje (Campus Ecovalia) y el acceso al contenido, visionado de las clases magistrales y servicio de tutor\u00eda a trav\u00e9s de videoconferencias y correo electr\u00f3nico.<\/p>\n<p>Descuentos:<\/p>\n<ul>\n<li>Los miembros de Ecovalia pueden beneficiarse de un descuento y realizar el curso por un coste de 100\u20ac.<\/li>\n<li>Para estudiantes y personas en situaci\u00f3n de desempleo, se podr\u00e1 aplicar un descuento del 10%. (dicha condici\u00f3n deber\u00e1 ser justificada previamente)<\/li>\n<\/ul>\n<p>Los descuentos no podr\u00e1n ser acumulables.<\/p>\n<p>Si est\u00e1 usted interesado en aplicarse alguno de estos descuentos, solicite su cup\u00f3n a trav\u00e9s de nuestro <a href=\"https:\/\/campus.ecovalia.org\/eva\/contact\/\">formulario de contacto<\/a>. antes de formalizar la matr\u00edcula del curso.<\/p>\n<p><a href=\"https:\/\/campus.ecovalia.org\/eva\/wp-content\/uploads\/2022\/01\/Bases-Curso-PE.pdf\" target=\"_blank\" rel=\"noopener\"><img loading=\"lazy\" class=\"aligncenter wp-image-6149 size-large\" src=\"https:\/\/campus.ecovalia.org\/eva\/wp-content\/uploads\/2021\/10\/Recurso-28-1024x62.png\" alt=\"\" width=\"1024\" height=\"62\" srcset=\"https:\/\/campus.ecovalia.org\/eva\/wp-content\/uploads\/2021\/10\/Recurso-28-1024x62.png 1024w, https:\/\/campus.ecovalia.org\/eva\/wp-content\/uploads\/2021\/10\/Recurso-28-300x18.png 300w, https:\/\/campus.ecovalia.org\/eva\/wp-content\/uploads\/2021\/10\/Recurso-28-768x46.png 768w, https:\/\/campus.ecovalia.org\/eva\/wp-content\/uploads\/2021\/10\/Recurso-28-1536x92.png 1536w, https:\/\/campus.ecovalia.org\/eva\/wp-content\/uploads\/2021\/10\/Recurso-28-2048x123.png 2048w, https:\/\/campus.ecovalia.org\/eva\/wp-content\/uploads\/2021\/10\/Recurso-28-600x36.png 600w\" sizes=\"(max-width: 1024px) 100vw, 1024px\" \/><\/a><\/p>\n<p>&nbsp;<\/p>\n","protected":false},"excerpt":{"rendered":"<p>\u00bfSab\u00edas que la producci\u00f3n ecol\u00f3gica es un sector con un ritmo de crecimiento del 26% en los \u00faltimos 5 a\u00f1os y del que se espera que en Espa\u00f1a se haya triplicado antes del 2030?, \u00bfconoces las oportunidades de negocio que ofrece?, \u00bfqu\u00e9 sabes sobre los consumidores ecol\u00f3gicos?, \u00bfquieres conocer qu\u00e9 categor\u00edas de productos son los m\u00e1s implantados en Espa\u00f1a?, \u00bfCu\u00e1les son los mercados solicitan estos productos?\u2026<\/p>\n","protected":false},"featured_media":6086,"comment_status":"closed","ping_status":"closed","template":"","meta":[],"product_cat":[18],"product_tag":[],"_links":{"self":[{"href":"https:\/\/campus.ecovalia.org\/eva\/wp-json\/wp\/v2\/product\/6085"}],"collection":[{"href":"https:\/\/campus.ecovalia.org\/eva\/wp-json\/wp\/v2\/product"}],"about":[{"href":"https:\/\/campus.ecovalia.org\/eva\/wp-json\/wp\/v2\/types\/product"}],"replies":[{"embeddable":true,"href":"https:\/\/campus.ecovalia.org\/eva\/wp-json\/wp\/v2\/comments?post=6085"}],"wp:featuredmedia":[{"embeddable":true,"href":"https:\/\/campus.ecovalia.org\/eva\/wp-json\/wp\/v2\/media\/6086"}],"wp:attachment":[{"href":"https:\/\/campus.ecovalia.org\/eva\/wp-json\/wp\/v2\/media?parent=6085"}],"wp:term":[{"taxonomy":"product_cat","embeddable":true,"href":"https:\/\/campus.ecovalia.org\/eva\/wp-json\/wp\/v2\/product_cat?post=6085"},{"taxonomy":"product_tag","embeddable":true,"href":"https:\/\/campus.ecovalia.org\/eva\/wp-json\/wp\/v2\/product_tag?post=6085"}],"curies":[{"name":"wp","href":"https:\/\/api.w.org\/{rel}","templated":true}]}}