{"id":6066,"date":"2021-10-21T22:43:26","date_gmt":"2021-10-21T20:43:26","guid":{"rendered":"https:\/\/campus.ecovalia.org\/eva\/?post_type=product&#038;p=6066"},"modified":"2024-11-06T14:14:25","modified_gmt":"2024-11-06T13:14:25","slug":"implantacion-del-sistema-de-autocontrol-ue-en-la-empresa-organica","status":"publish","type":"product","link":"https:\/\/campus.ecovalia.org\/eva\/curso\/implantacion-del-sistema-de-autocontrol-ue-en-la-empresa-organica\/","title":{"rendered":"Implantaci\u00f3n del Sistema de Autocontrol UE en la Empresa Org\u00e1nica"},"content":{"rendered":"<h3><font color=\"#00ae19\">PRESENTACI\u00d3N<\/font><\/h3>\n<p>El pr\u00f3ximo 1 de enero se inicia la aplicaci\u00f3n del nuevo reglamento de la producci\u00f3n org\u00e1nica para todos los productos agroalimentarios que se vayan a comercializar dentro de la Uni\u00f3n Europea (Reglamento (UE) 2018\/848, del Parlamento Europeo y del Consejo, sobre producci\u00f3n ecol\u00f3gica y etiquetado de los productos ecol\u00f3gicos y por el que se deroga el Reglamento (CE) 834\/2007 del Consejo).<\/p>\n<p>A partir de esta fecha, todas las empresas org\u00e1nicas que est\u00e9n certificadas bajo la norma UE, o que deseen exportar sus productos a Europa, deben estar preparadas para este reto. Para ello se requiere de profesionales formados y capaces de tutelar a empresas agrarias, ganaderas e industrias alimentarias dedicadas al sector org\u00e1nico o empresas interesadas en dedicarse a este sector.<\/p>\n<p>Por eso, desde <a href=\"https:\/\/www.ecovalia.org\/\" target=\"_blank\" rel=\"noopener\">Ecovalia<\/a>, asociaci\u00f3n profesional de la producci\u00f3n org\u00e1nica, entidad referente en Espa\u00f1a, con una larga experiencia y trayectoria de 30 a\u00f1os de servicio hacia este sector productivo, gracias a la colaboraci\u00f3n de la <a href=\"https:\/\/www.ciaorganico.net\/\" target=\"_blank\" rel=\"noopener\">Comisi\u00f3n Interamericana para la Agricultura Org\u00e1nica (CIAO)<\/a> y del <a href=\"https:\/\/www.iica.int\/es\" target=\"_blank\" rel=\"noopener\">Instituto Interamericano de Cooperaci\u00f3n para la Agricultura (IICA)<\/a>, lanzamos esta edici\u00f3n del curso dirigido especialmente a auditores internos y profesionales que trabajen para empresas org\u00e1nicas americanas o empresas que deseen dedicarse a este sector.<\/p>\n<hr \/>\n<h3><font color=\"#00ae19\">OBJETIVOS<\/font><\/h3>\n<ol>\n<li>Ofrecer al participante los conocimientos necesarios para estar al d\u00eda sobre la producci\u00f3n org\u00e1nica en 2021.<\/li>\n<li>Dar a conocer al participante la regulaci\u00f3n en vigor sobre producci\u00f3n org\u00e1nica en la UE y el proceso de certificaci\u00f3n de estos alimentos.<\/li>\n<li>Capacitar al participante para la puesta en marcha de un sistema de autocontrol basado en la evaluaci\u00f3n de riesgos para una empresa org\u00e1nica certificada bajo la norma UE.<\/li>\n<\/ol>\n<hr \/>\n<h3><font color=\"#00ae19\">DESTINATARIOS<\/font><\/h3>\n<ul>\n<li>Auditores internos de los sistemas de autocontrol de empresas agroalimentarias org\u00e1nicas americanas, as\u00ed como de empresas interesadas por iniciar su actividad en el sector org\u00e1nico.<\/li>\n<li>Profesionales y personal t\u00e9cnico interesado en realizar trabajos de asesoramiento para la norma UE en producci\u00f3n org\u00e1nica a empresas org\u00e1nicas americanas.<\/li>\n<\/ul>\n<hr \/>\n<h3><font color=\"#00ae19\">EQUIPO FORMATIVO<\/font><\/h3>\n<p>El equipo formativo del curso est\u00e1 constituido por personal docente de Ecovalia que cuenta con amplia experiencia como formadores, espec\u00edficamente para el sector de la producci\u00f3n org\u00e1nica, capacitaci\u00f3n y experiencia en la certificaci\u00f3n de alimentos org\u00e1nicos y una larga trayectoria profesional en torno al sector de la producci\u00f3n org\u00e1nica. Este equipo ha dise\u00f1ado la actividad formativa, ha elaborado los materiales docentes de este curso, impartir\u00e1 las clases magistrales de los v\u00eddeos, evaluar\u00e1 los estudios de caso y atender\u00e1 las tutor\u00edas y el foro.<\/p>\n<p>La secretar\u00eda t\u00e9cnica ser\u00e1 gestionada a trav\u00e9s del \u00c1rea de Formaci\u00f3n de Ecovalia, quien cuenta con 25 a\u00f1os de experiencia en formaci\u00f3n y capacitaci\u00f3n dirigida especialmente al sector profesional de la producci\u00f3n org\u00e1nica en Espa\u00f1a.<\/p>\n<hr \/>\n<h3><font color=\"#00ae19\">CONTENIDOS DEL TEMARIO<\/font><\/h3>\n<p>Los contenidos son de elaboraci\u00f3n propia a partir de la normativa en vigor de la UE para la producci\u00f3n org\u00e1nica, documentos de organismos oficiales y de otras fuentes reconocidas, adem\u00e1s de documentos obtenidos gracias a nuestra actividad de representaci\u00f3n en distintos foros espa\u00f1oles e internacionales.<\/p>\n<p style=\"padding-left: 40px\"><b>M\u00d3DULO 1. LA PRODUCCI\u00d3N ORG\u00c1NICA EN 2021<\/b><\/p>\n<ul>\n<li style=\"list-style-type: none\">\n<ul>\n<li>Unidad 1. La Producci\u00f3n Org\u00e1nica<\/li>\n<li>Unidad 2. Estad\u00edsticas<\/li>\n<li>Unidad 3. Pol\u00edticas<\/li>\n<li>Unidad 4. Mercados<\/li>\n<\/ul>\n<\/li>\n<\/ul>\n<p style=\"padding-left: 40px\"><b>M\u00d3DULO 2. REGULACI\u00d3N EN PRODUCCI\u00d3N ORG\u00c1NICA Y CERTIFICACI\u00d3N DE ALIMENTOS<\/b><\/p>\n<ul>\n<li style=\"list-style-type: none\">\n<ul>\n<li>Unidad 1. Norma UE<\/li>\n<li>Unidad 2. Pr\u00f3xima norma UE de aplicaci\u00f3n en 2022<\/li>\n<li>Unidad 3. Otras normas internacionales<\/li>\n<li>Unidad 4. Proceso de certificaci\u00f3n seg\u00fan norma UE<\/li>\n<\/ul>\n<\/li>\n<\/ul>\n<p style=\"padding-left: 40px\"><b>M\u00d3DULO 3. EL SISTEMA DE AUTOCONTROL DE LA EMPRESA ORG\u00c1NICA SEG\u00daN NORMA UE<\/b><\/p>\n<ul>\n<li style=\"list-style-type: none\">\n<ul>\n<li>Unidad 1. Sistema de autocontrol<\/li>\n<li>Unidad 2. C\u00f3mo estar preparado para recibir una auditor\u00eda<\/li>\n<li>Unidad 3. C\u00f3mo responder a un incumplimiento<\/li>\n<\/ul>\n<\/li>\n<\/ul>\n<hr \/>\n<h3><font color=\"#00ae19\">METODOLOG\u00cdA<\/font><\/h3>\n<p>Para el dise\u00f1o del curso se han considerado herramientas metodol\u00f3gicas que faciliten el aprendizaje y la puesta en marcha de lo aprendido.<\/p>\n<p>La metodolog\u00eda de este curso est\u00e1 basada en la ense\u00f1anza online para favorecer su accesibilidad al eliminar los inconvenientes derivados del lugar de residencia y flexibilizar los horarios, pudiendo conciliar la realizaci\u00f3n del curso con otras tareas profesionales y familiares.<\/p>\n<p>El dise\u00f1o innovador de nuestra plataforma, Campus Ecovalia, facilita el aprendizaje de un modo ameno y eficiente.<\/p>\n<p>El proceso de aprendizaje se dividir\u00e1 en una fase te\u00f3rica y una fase pr\u00e1ctica a trav\u00e9s de la realizaci\u00f3n de estudios de caso. Se incluyen v\u00eddeos de clases magistrales.<\/p>\n<p>Durante todo el proceso de aprendizaje, el alumnado contar\u00e1 con un <b>servicio permanente de tutor\u00eda<\/b> a trav\u00e9s de <b>videoconferencias<\/b>, tanto tutor\u00edas individuales como tutor\u00edas grupales. Adem\u00e1s, el alumnado tiene a su disposici\u00f3n el <b>foro del curso<\/b>, donde el tutor compartir\u00e1 informaci\u00f3n extra al contenido de esta actividad y que pueda ser de inter\u00e9s para el alumnado. Igualmente, el alumnado cuenta con un <b>servicio de atenci\u00f3n<\/b>, a trav\u00e9s de mail.<\/p>\n<hr \/>\n<h3><font color=\"#00ae19\">DURACI\u00d3N<\/font><\/h3>\n<p>Este curso cuenta con <b>80 horas lectivas<\/b>. Cada participante del curso decide su propio ritmo de aprendizaje.<\/p>\n<hr \/>\n<h3><font color=\"#00ae19\">INSCRIPCI\u00d3N<\/font><\/h3>\n<p>Solicitar la inscripci\u00f3n en esta Web.<br \/>\nM\u00e1s informaci\u00f3n: +34 608 812 946 y <a href=\"mailto:formacion@ecovalia.org\">formacion@ecovalia.org<\/a>.<\/p>\n<hr \/>\n<h3><font color=\"#00ae19\">COSTE<\/font><\/h3>\n<p>El coste del curso es de <b>743,02 d\u00f3lares<\/b>. El precio incluye el uso del entorno virtual de aprendizaje (Campus Ecovalia) y su acceso al contenido, visionado de las clases magistrales, v\u00eddeos introductorios de los m\u00f3dulos, acceso a los estudios de caso y servicio de tutor\u00eda a trav\u00e9s de videoconferencias y mail.<\/p>\n<p><b>Descuentos<\/b>:<\/p>\n<ul>\n<li>Los miembros de Ecovalia pueden beneficiarse de un descuento.<\/li>\n<li>El alumnado procedente de pa\u00edses CIAO pueden beneficiarse de un descuento.<\/li>\n<li>Desde la segunda inscripci\u00f3n enviada por la misma empresa para la misma convocatoria del curso, se podr\u00e1 aplicar un descuento del 10%.<\/li>\n<\/ul>\n<p>Los descuentos no podr\u00e1n ser acumulables.<\/p>\n<p>Si est\u00e1 usted interesado en aplicarse alguno de estos descuentos, solicite su cup\u00f3n a trav\u00e9s de nuestro <a href=\"https:\/\/campus.ecovalia.org\/eva\/contact\/\">formulario de contacto<\/a>. antes de formalizar la matr\u00edcula del curso.<\/p>\n<p><a href=\"https:\/\/campus.ecovalia.org\/eva\/wp-content\/uploads\/2022\/11\/Bases-Curso-Implantacion-LATAM_actualizada.pdf\" target=\"_blank\" rel=\"noopener\"><img loading=\"lazy\" class=\"aligncenter wp-image-6149 size-large\" src=\"https:\/\/campus.ecovalia.org\/eva\/wp-content\/uploads\/2021\/10\/Recurso-28-1024x62.png\" alt=\"\" width=\"1024\" height=\"62\" srcset=\"https:\/\/campus.ecovalia.org\/eva\/wp-content\/uploads\/2021\/10\/Recurso-28-1024x62.png 1024w, https:\/\/campus.ecovalia.org\/eva\/wp-content\/uploads\/2021\/10\/Recurso-28-300x18.png 300w, https:\/\/campus.ecovalia.org\/eva\/wp-content\/uploads\/2021\/10\/Recurso-28-768x46.png 768w, https:\/\/campus.ecovalia.org\/eva\/wp-content\/uploads\/2021\/10\/Recurso-28-1536x92.png 1536w, https:\/\/campus.ecovalia.org\/eva\/wp-content\/uploads\/2021\/10\/Recurso-28-2048x123.png 2048w, https:\/\/campus.ecovalia.org\/eva\/wp-content\/uploads\/2021\/10\/Recurso-28-600x36.png 600w\" sizes=\"(max-width: 1024px) 100vw, 1024px\" \/><\/a><\/p>\n","protected":false},"excerpt":{"rendered":"<p>A trav\u00e9s de este curso, el alumnado conocer\u00e1 la situaci\u00f3n de la producci\u00f3n org\u00e1nica en 2021, los pasos del proceso de certificaci\u00f3n, la regulaci\u00f3n en vigor y el reglamento UE de pr\u00f3xima aplicaci\u00f3n para 2022, culminando con la capacitaci\u00f3n para la puesta en marcha de un sistema de autocontrol basado en la evaluaci\u00f3n de riesgos de la empresa org\u00e1nica.<\/p>\n","protected":false},"featured_media":6098,"comment_status":"closed","ping_status":"closed","template":"","meta":[],"product_cat":[18],"product_tag":[],"_links":{"self":[{"href":"https:\/\/campus.ecovalia.org\/eva\/wp-json\/wp\/v2\/product\/6066"}],"collection":[{"href":"https:\/\/campus.ecovalia.org\/eva\/wp-json\/wp\/v2\/product"}],"about":[{"href":"https:\/\/campus.ecovalia.org\/eva\/wp-json\/wp\/v2\/types\/product"}],"replies":[{"embeddable":true,"href":"https:\/\/campus.ecovalia.org\/eva\/wp-json\/wp\/v2\/comments?post=6066"}],"wp:featuredmedia":[{"embeddable":true,"href":"https:\/\/campus.ecovalia.org\/eva\/wp-json\/wp\/v2\/media\/6098"}],"wp:attachment":[{"href":"https:\/\/campus.ecovalia.org\/eva\/wp-json\/wp\/v2\/media?parent=6066"}],"wp:term":[{"taxonomy":"product_cat","embeddable":true,"href":"https:\/\/campus.ecovalia.org\/eva\/wp-json\/wp\/v2\/product_cat?post=6066"},{"taxonomy":"product_tag","embeddable":true,"href":"https:\/\/campus.ecovalia.org\/eva\/wp-json\/wp\/v2\/product_tag?post=6066"}],"curies":[{"name":"wp","href":"https:\/\/api.w.org\/{rel}","templated":true}]}}