{"id":6048,"date":"2021-07-05T16:45:36","date_gmt":"2021-07-05T14:45:36","guid":{"rendered":"https:\/\/campus.ecovalia.org\/eva\/?page_id=6048"},"modified":"2025-04-30T10:06:15","modified_gmt":"2025-04-30T08:06:15","slug":"condiciones-de-compra","status":"publish","type":"page","link":"https:\/\/campus.ecovalia.org\/eva\/condiciones-de-compra\/","title":{"rendered":"Condiciones de compra"},"content":{"rendered":"\n<p><strong><u>1. TITULAR DEL SITIO WEB Y PRESTADOR DE SERVICIOS DE LA SOCIEDAD DE LA INFORMACI\u00d3N<\/u><\/strong><\/p>\n\n\n\n<p>ASOCIACI\u00d3N ECOVALIA pone a disposici\u00f3n de los usuarios el presente documento, con el que pretende dar cumplimiento a las obligaciones dispuestas en la Ley 34\/2002, de 11 de julio, de Servicios de la Sociedad de la Informaci\u00f3n y de Comercio Electr\u00f3nico (LSSICE), as\u00ed como informar a todos los usuarios del sitio web respecto a cu\u00e1les son las condiciones de uso.<\/p>\n\n\n\n<p><strong><u>2. PARTES DEL CONTRATO<\/u><\/strong><\/p>\n\n\n\n<p>2.1. De una parte, EL PROPIETARIO DE LA WEB es ASOCIACI\u00d3N ECOVALIA, en adelante, ECOVALIA, con NIF n\u00famero G91224048 y con domicilio social en Edificio Insur, Avenida Diego Mart\u00ednez Barrios n\u00ba 10, 1\u00ba planta, m\u00f3dulo 12, 41013 Sevilla.<\/p>\n\n\n\n<p>2.2. Y de otra parte, el ALUMNO\/A es la persona f\u00edsica o jur\u00eddica registrada en el sitio web que haya aceptado o firmado previamente las presentes Condiciones de Compra y, cuando proceda seg\u00fan los requisitos del curso, que haya realizado el pago correspondiente.<\/p>\n\n\n\n<p><strong>La aceptaci\u00f3n de las Condiciones de Compra es obligatoria para la compra del curso. En aquellos casos en los que no exista una obligaci\u00f3n de pago por parte del Alumno\/a, la firma del presente documento es necesaria para iniciar la formaci\u00f3n.<\/strong><\/p>\n\n\n\n<p><strong><u>3. OBJETO DEL CONTRATO<\/u><\/strong><\/p>\n\n\n\n<p>&nbsp;El objeto es regular expresamente las condiciones aplicables a los procesos de contrataci\u00f3n llevados a cabo por el Alumno\/a de los cursos impartidos en la modalidad online ofrecidos por ECOVALIA, a trav\u00e9s de su sitio web <a href=\"https:\/\/campus.ecovalia.org\">https:\/\/campus.ecovalia.org<\/a> .<\/p>\n\n\n\n<p><strong><u>4. PRECIOS<\/u><\/strong><\/p>\n\n\n\n<p>4.1. Los precios aplicables son los indicados en las bases de cada curso o en las p\u00e1ginas web <a href=\"https:\/\/campus.ecovalia.org\">https:\/\/campus.ecovalia.org<\/a> &nbsp;y <a href=\"http:\/\/www.ecovalia.org\">www.ecovalia.org<\/a>. Las bases de los curso\/s se publicar\u00e1n en la p\u00e1gina web.<\/p>\n\n\n\n<p>4.2. El precio de venta de cada curso es el que est\u00e1 en vigor en nuestras bases, p\u00e1ginas web, presupuestos, material publicitario o folletos. En caso de errores de escritura, imprenta o de c\u00e1lculo nos reservamos el derecho a desistir de la operaci\u00f3n.<\/p>\n\n\n\n<p>4.3. Si excepcionalmente se generase alg\u00fan gasto adicional, se indicar\u00e1 expresamente al Alumno\/a. Las ofertas y descuentos estar\u00e1n debidamente marcadas e identificadas como tal. &nbsp;<\/p>\n\n\n\n<p>4.4. ECOVALIA no es responsable de los gastos de gesti\u00f3n de empresas externas derivados de los cursos bonificados a trav\u00e9s de FUNDAE.<\/p>\n\n\n\n<p><strong><u>5. PROCESO DE COMPRA<\/u><\/strong><\/p>\n\n\n\n<p>5.1. El acceso a la plataforma se realizar\u00e1 con los datos personales facilitados al Alumno\/a. Estos datos ser\u00e1n tratados e incorporados a nuestros ficheros, tal como se informa en nuestra Pol\u00edtica de Privacidad <a href=\"https:\/\/campus.ecovalia.org\/eva\/politica-privacidad\/\">https:\/\/campus.ecovalia.org\/eva\/politica-privacidad\/<\/a><\/p>\n\n\n\n<p>El Alumno\/a crear\u00e1 su nombre de usuario\/a y contrase\u00f1a para poder realizar la compra del\/de los curso\/s. En aquellos casos en los que no exista una obligaci\u00f3n de pago por parte del Alumno\/a, ECOVALIA les proporcionar\u00e1 directamente las credenciales.<\/p>\n\n\n\n<p>5.2. El Alumno\/a podr\u00e1 acceder a los cursos disponibles as\u00ed como a la informaci\u00f3n necesaria para su formaci\u00f3n.<\/p>\n\n\n\n<p>5.3. ECOVALIA ofrece a sus Alumnos\/as la posibilidad de realizar el pago v\u00eda tarjeta o por transferencia.<\/p>\n\n\n\n<p>Los datos sobre su tarjeta de cr\u00e9dito no quedan registrados en ninguna base de datos, llegando directamente al TPV (Terminal Punto de Venta). Asimismo, en ning\u00fan momento ECOVALIA recibe los datos las tarjetas de los Alumnos\/as; s\u00f3lo la confirmaci\u00f3n de su pago.<\/p>\n\n\n\n<p>5.4. El pago se efectuar\u00e1 por el Alumno\/a en el per\u00edodo que se recoja en las bases de cada curso.<\/p>\n\n\n\n<p>5.5. El Alumno\/a conoce y consiente que ECOVALIA se reserva el derecho a rechazar cualquier operaci\u00f3n, reembolsando la totalidad. ECOVALIA se reserva el derecho a solicitar cualquier tipo de informaci\u00f3n adicional al Alumno\/a para evitar posibles actos fraudulentos.<\/p>\n\n\n\n<p>Todos los datos sobre Alumnos\/as y los datos sobre sus tarjetas de cr\u00e9dito ser\u00e1n tratados de forma estrictamente confidencial.<\/p>\n\n\n\n<p>5.6. &nbsp;Una vez realizado el pago, el Alumno\/a recibir\u00e1 un correo electr\u00f3nico a la direcci\u00f3n electr\u00f3nica facilitada por este con la confirmaci\u00f3n de la compra, as\u00ed como cualquier informaci\u00f3n que ECOVALIA considere necesaria para la correcta impartici\u00f3n del\/los curso\/s solicitados.<\/p>\n\n\n\n<p><strong><u>6. DERECHO DE DESISTIMIENTO<\/u><\/strong><\/p>\n\n\n\n<p>6.1. A continuaci\u00f3n, recogemos las condiciones para que el Alumno\/a pueda ejercitar el derecho de desistimiento:<\/p>\n\n\n\n<p>a) El Alumno\/a tiene derecho a desistir del contrato en un plazo 14 d\u00edas naturales sin necesidad de justificaci\u00f3n, siempre que no haya comenzado la prestaci\u00f3n del servicio (esto significa siempre que no haya accedido o descargado los contenidos).<\/p>\n\n\n\n<p>b) El plazo de desistimiento expirar\u00e1 a los 14 d\u00edas naturales desde el momento de la aceptaci\u00f3n de las condiciones de compra de la web. El Alumno\/a conoce y consiente la excepci\u00f3n contemplada en el apartado 6.2.<\/p>\n\n\n\n<p>c)Para ejercer el derecho desistimiento, el Alumno\/a deber\u00e1 notificarnos su decisi\u00f3n de desistir del contrato a trav\u00e9s de una declaraci\u00f3n inequ\u00edvoca por cualquier medio admitido en derecho. Podr\u00e1 utilizar el modelo de formulario de desistimiento que figura en el ANEXO I, aunque su uso no es obligatorio.<\/p>\n\n\n\n<p>d) En el caso de desistimiento por parte del Alumno\/a, ECOVALIA proceder\u00e1 a la devoluci\u00f3n de todos los pagos recibidos sin ninguna demora indebida, en el plazo de 14 d\u00edas naturales a partir de la fecha en la que se nos informe la decisi\u00f3n de desistir del presente contrato.<\/p>\n\n\n\n<p>El ejercicio del derecho de desistimiento no implicar\u00e1 gasto alguno para el <a>Alumno\/a<\/a>. Se proceder\u00e1 a efectuar dicho reembolso utilizando el mismo medio de pago empleado por el Alumno\/a.<\/p>\n\n\n\n<p>El Alumno\/a podr\u00e1 dirigir el formulario recogido en el ANEXO I a las siguientes direcciones:<\/p>\n\n\n\n<p>-Correo postal:&nbsp; Edificio Insur, Avenida Diego Mart\u00ednez Barrio n\u00ba 10 1\u00ba planta, m\u00f3dulo 12, 41013 Sevilla<\/p>\n\n\n\n<p>-Correo electr\u00f3nico: <a href=\"mailto:formacion@ecovalia.org\">formacion@ecovalia.org<\/a><\/p>\n\n\n\n<p>e) Una vez transcurrido el plazo de desistimiento se\u00f1alado sin que el Alumno\/a haya ejercitado su derecho, y siempre y cuando no haya comenzado la ejecuci\u00f3n del servicio, se le reconoce al Alumno\/a el derecho a desistir del presente contrato con previo aviso a la direcci\u00f3n de correo electr\u00f3nico <a href=\"mailto:formacion@ecovalia.org\">formacion@ecovalia.org<\/a><\/p>\n\n\n\n<p>En estos supuestos, ECOVALIA proceder\u00e1 a la devoluci\u00f3n de todos los pagos recibidos a excepci\u00f3n del 10% del abono total recibido.<\/p>\n\n\n\n<p>6.2. El Alumno\/a conoce y consiente que no ser\u00e1 admisible el desistimiento si hubiera accedido a los materiales o se los hubiera descargado, en virtud de la letra m) art\u00edculo 103 del Real decreto Legislativo 1\/2007, de 16 de noviembre, por el que se aprueba el texto refundido de la Ley General para la Defensa de los Consumidores y Usuarios y otras leyes complementarias establece como excepci\u00f3n al derecho de desistimiento: <em>\u201c El suministro de contenido digital que no se preste en un soporte material cuando la ejecuci\u00f3n haya comenzado y, si el contrato impone al consumidor o usuario una obligaci\u00f3n de pago, cuando se den las siguientes condiciones: 1.\u00ba El consumidor o usuario haya otorgado su consentimiento previo para iniciar la ejecuci\u00f3n durante el plazo del derecho de desistimiento; 2.\u00ba El consumidor o usuario haya expresado su conocimiento de que, en consecuencia, pierde su derecho de desistimiento; y 3.\u00ba El empresario haya proporcionado una confirmaci\u00f3n con arreglo al art\u00edculo 98.7 o al art\u00edculo 99.2. \u201d<\/em><\/p>\n\n\n\n<p>Mediante la aceptaci\u00f3n de las presentes condiciones de compra de la web, el Alumno\/a conoce y da su consentimiento a que la prestaci\u00f3n del servicio de la formaci\u00f3n objeto del contrato pueda dar comienzo antes del vencimiento del per\u00edodo de desistimiento y que el inicio de la prestaci\u00f3n de los servicios conllevar\u00e1 la p\u00e9rdida de su derecho de desistimiento.<\/p>\n\n\n\n<p>La prestaci\u00f3n del servicio dar\u00e1 comienzo tan pronto como el Alumno\/a reciba de ECOVALIA un correo electr\u00f3nico confirmando que la compra del curso online se ha realizado correctamente.<\/p>\n\n\n\n<p><strong><u>7.PROPIEDAD INDUSTRIAL E INTELECTUAL<\/u><\/strong><\/p>\n\n\n\n<p>7.1. ECOVALIA es titular de todos los derechos de propiedad intelectual e industrial de su p\u00e1gina web, as\u00ed como de los elementos contenidos en la misma (im\u00e1genes, sonido, audio, v\u00eddeo, software o textos; marcas o logotipos, combinaciones de colores, estructura y dise\u00f1o, selecci\u00f3n de materiales usados, programas de ordenador necesarios para su funcionamiento, acceso y uso, etc.).<\/p>\n\n\n\n<p>7.2. Cualquier uso no autorizado previamente por ECOVALIA ser\u00e1 considerado un incumplimiento grave de los derechos de propiedad intelectual o industrial del autor.<\/p>\n\n\n\n<p>7.3. Quedan expresamente prohibidas la reproducci\u00f3n, la distribuci\u00f3n y la comunicaci\u00f3n p\u00fablica, incluida su modalidad de puesta a disposici\u00f3n, de la totalidad o parte de los contenidos de esta p\u00e1gina web, con fines comerciales o no comerciales, en cualquier soporte y por cualquier medio t\u00e9cnico, sin la autorizaci\u00f3n de ECOVALIA.<\/p>\n\n\n\n<p>7.4. El Alumno\/a se compromete a respetar los derechos de Propiedad Intelectual e Industrial titularidad de ECOVALIA. El Alumno\/a deber\u00e1 abstenerse de suprimir, alterar, eludir o manipular cualquier dispositivo de protecci\u00f3n o sistema de seguridad que estuviera instalado en las p\u00e1ginas de ECOVALIA.<\/p>\n\n\n\n<p><strong><u>8. DESCARGA DE V\u00cdDEOS Y CONTENIDOS DID\u00c1CTICOS<\/u><\/strong><\/p>\n\n\n\n<p>Se proh\u00edbe la descarga de los v\u00eddeos y contenidos did\u00e1cticos de todos los cursos. Se recoge como excepci\u00f3n aquellos que se indiquen expresamente por ECOVALIA.<\/p>\n\n\n\n<p><strong><u>9. NAVEGACI\u00d3N, ACCESO Y SEGURIDAD<\/u><\/strong><\/p>\n\n\n\n<p>9.1. ECOVALIA no es responsable de la inexactitud de la informaci\u00f3n o actividad a la que se remiten, ni del empleo que el Alumno\/a da a la informaci\u00f3n publicada y por tanto, se encuentra exento de toda responsabilidad directa o indirecta que puedan derivar del empleo de dicha informaci\u00f3n.<\/p>\n\n\n\n<p>9.2. ECOVALIA no se responsabiliza ni garantiza que el acceso a esta p\u00e1gina web sea ininterrumpido y que el contenido o software al que pueda accederse a trav\u00e9s de esta p\u00e1gina web, est\u00e9 libre de error o cause un da\u00f1o. En ning\u00fan caso ser\u00e1 responsable por las p\u00e9rdidas, da\u00f1os o perjuicios de cualquier tipo que surjan por el acceso y el uso de la p\u00e1gina web, incluy\u00e9ndose a los ocasionados a los sistemas inform\u00e1ticos o los provocados por la introducci\u00f3n de virus.<\/p>\n\n\n\n<p>ECOVALIA no se hace responsable de los da\u00f1os que pudiesen ocasionarse a los Alumnos\/as por un uso inadecuado de esta p\u00e1gina web. En particular, no se hace responsable en modo alguno de las ca\u00eddas, interrupciones, falta o defecto de las telecomunicaciones que pudieran ocurrir en operaciones de naturaleza financiera.<\/p>\n\n\n\n<p>9.3. Los enlaces externos que puede encontrar en la p\u00e1gina web conducen a otros sitios web titularidad de terceros. ECOVALIA no se responsabiliza del contenido de estos sitios no garantizando su veracidad o actualizaci\u00f3n.<\/p>\n\n\n\n<p><strong><u>10. MODIFICACIONES<\/u><\/strong><\/p>\n\n\n\n<p>10.1. Estas condiciones permanecer\u00e1n en vigor y ser\u00e1n de validez durante todo el tiempo que est\u00e9n accesible a trav\u00e9s del sitio web, todo ello sin perjuicio de que ECOVALIA se reserva el derecho a modificar, sin previo aviso, las condiciones de compra, as\u00ed como cualquiera de los textos legales que se encuentren en dicho sitio web.<\/p>\n\n\n\n<p>10.2. Si alguna de las condiciones contradijera la legislaci\u00f3n vigente o resultara nula, el resto de las condiciones sigue manteniendo su vigencia. En caso de que alguna cl\u00e1usula de estas condiciones generales de venta no fuera v\u00e1lida o dejara de serlo, ello no afectar\u00eda la validez de las dem\u00e1s disposiciones. La cl\u00e1usula que no fuera v\u00e1lida se habr\u00eda de interpretar, completar o sustituir de tal forma que se consiguiera el fin econ\u00f3mico pretendido originalmente, siempre y cuando fuera posible.<\/p>\n\n\n\n<p><strong><u>11. LEGISLACI\u00d3N APLICABLE Y JURISDICCI\u00d3N<\/u><\/strong><\/p>\n\n\n\n<p>Para la resoluci\u00f3n de todas las controversias o cuestiones relacionadas con el presente sitio web o de las actividades en \u00e9l desarrolladas, ser\u00e1 de aplicaci\u00f3n la legislaci\u00f3n espa\u00f1ola, a la que se someten expresamente las partes, siendo competentes para la resoluci\u00f3n de todos los conflictos derivados o relacionados con su uso los Juzgados y Tribunales de Sevilla, salvo que la Ley aplicable disponga otra cosa.<\/p>\n\n\n\n<p><strong><u>12. RESOLUCI\u00d3N DE LITIGIOS EN L\u00cdNEA (ONLINE DISPUTE RESOLUTION)<\/u><\/strong><strong><\/strong><\/p>\n\n\n\n<p>Conforme al Art. 14.1 del Reglamento (UE) 524\/2013, la Comisi\u00f3n Europea facilita una plataforma de acceso gratuito para la resoluci\u00f3n de conflictos online entre el USUARIO y el PRESTADOR, sin necesidad de recurrir a los tribunales de justicia, mediante la intervenci\u00f3n de un tercero, llamado Organismo de resoluci\u00f3n de litigios, que act\u00faa de intermediario entre ambos. Este organismo es neutral y dialogar\u00e1 con ambas partes para lograr un acuerdo, pudiendo finalmente sugerir y\/o imponer una soluci\u00f3n al conflicto.&nbsp; Enlace a la plataforma ODR:&nbsp;<a href=\"http:\/\/ec.europa.eu\/consumers\/od\">http:\/\/ec.europa.eu\/consumers\/od<\/a><\/p>\n\n\n\n<p><strong><u>ANEXO I: MODELO DE FORMULARIO<\/u><\/strong><\/p>\n\n\n\n<p><em>(s\u00f3lo debe cumplimentar y enviar el presente formulario si desea desistir del contrato)<\/em><\/p>\n\n\n\n<p>\u2013 A la atenci\u00f3n del Titular: <strong>ASOCIACI\u00d3N ECOVALIA, titular de la p\u00e1gina web <\/strong><a href=\"https:\/\/campus.ecovalia.org\/eva\/\"><strong>https:\/\/campus.ecovalia.org<\/strong><\/a><strong><\/strong><\/p>\n\n\n\n<p>\u2013 Por la presente le comunico que desisto del contrato de prestaci\u00f3n del siguiente servicio:<\/p>\n\n\n\n<p>\u2013 Fecha en la que se realiz\u00f3 el pedido:<\/p>\n\n\n\n<p>\u2013 N\u00ba de pedido:<\/p>\n\n\n\n<p>\u2013 Nombre del Alumno\/a:<\/p>\n\n\n\n<p>\u2013 Domicilio del Alumno\/a:<\/p>\n\n\n\n<p>\u2013 Firma del Alumno\/a (solo si el presente formulario se presenta en papel)<\/p>\n\n\n\n<p>\u2013 Fecha:<\/p>\n","protected":false},"excerpt":{"rendered":"<p>1. TITULAR DEL SITIO WEB Y PRESTADOR DE SERVICIOS DE LA SOCIEDAD DE LA INFORMACI\u00d3N ASOCIACI\u00d3N ECOVALIA pone a disposici\u00f3n de los usuarios el presente documento, con el que pretende&#8230;<\/p>\n","protected":false},"author":1,"featured_media":0,"parent":0,"menu_order":0,"comment_status":"closed","ping_status":"closed","template":"","meta":[],"_links":{"self":[{"href":"https:\/\/campus.ecovalia.org\/eva\/wp-json\/wp\/v2\/pages\/6048"}],"collection":[{"href":"https:\/\/campus.ecovalia.org\/eva\/wp-json\/wp\/v2\/pages"}],"about":[{"href":"https:\/\/campus.ecovalia.org\/eva\/wp-json\/wp\/v2\/types\/page"}],"author":[{"embeddable":true,"href":"https:\/\/campus.ecovalia.org\/eva\/wp-json\/wp\/v2\/users\/1"}],"replies":[{"embeddable":true,"href":"https:\/\/campus.ecovalia.org\/eva\/wp-json\/wp\/v2\/comments?post=6048"}],"version-history":[{"count":4,"href":"https:\/\/campus.ecovalia.org\/eva\/wp-json\/wp\/v2\/pages\/6048\/revisions"}],"predecessor-version":[{"id":8362,"href":"https:\/\/campus.ecovalia.org\/eva\/wp-json\/wp\/v2\/pages\/6048\/revisions\/8362"}],"wp:attachment":[{"href":"https:\/\/campus.ecovalia.org\/eva\/wp-json\/wp\/v2\/media?parent=6048"}],"curies":[{"name":"wp","href":"https:\/\/api.w.org\/{rel}","templated":true}]}}