{"id":187,"date":"2021-02-03T10:24:57","date_gmt":"2021-02-03T10:24:57","guid":{"rendered":"https:\/\/campus.ecovalia.org\/carrito\/"},"modified":"2021-11-10T16:01:17","modified_gmt":"2021-11-10T15:01:17","slug":"carrito","status":"publish","type":"page","link":"https:\/\/campus.ecovalia.org\/eva\/carrito\/","title":{"rendered":"Carrito"},"content":{"rendered":"\n\n\n\n<p><\/p>\n\n\n\n<p><strong>INFORMACI\u00d3N SOBRE IMPUESTOS<\/strong>:<br>Los impuestos que aparecen indicados por defecto son los aplicables en Espa\u00f1a, lugar de origen de la tienda. Conforme se avance en el proceso de compra online y se seleccione el pa\u00eds desde el que se est\u00e1 comprando, se aplicar\u00e1n los impuestos correspondientes a dicho pa\u00eds.<\/p>\n\n\n\n<p><strong>INFORMACI\u00d3N SOBRE CUPONES DE DESCUENTO<\/strong>:<br>Recuerde que los miembros de Ecovalia, las personas procedentes de pa\u00edses CIAO y aquellas que realicen una segunda inscripci\u00f3n por empresa, se pueden beneficiar de un descuento. Para obtener el cup\u00f3n correspondiente, comun\u00edquese con nosotros a trav\u00e9s del tel\u00e9fono <strong>+34 608 812 946<\/strong> o del email <strong>formacion@ecovalia.org<\/strong>.<\/p>\n\n\n\n<p><\/p>\n","protected":false},"excerpt":{"rendered":"<p>INFORMACI\u00d3N SOBRE IMPUESTOS:Los impuestos que aparecen indicados por defecto son los aplicables en Espa\u00f1a, lugar de origen de la tienda. Conforme se avance en el proceso de compra online y&#8230;<\/p>\n","protected":false},"author":1,"featured_media":0,"parent":0,"menu_order":0,"comment_status":"closed","ping_status":"closed","template":"","meta":[],"_links":{"self":[{"href":"https:\/\/campus.ecovalia.org\/eva\/wp-json\/wp\/v2\/pages\/187"}],"collection":[{"href":"https:\/\/campus.ecovalia.org\/eva\/wp-json\/wp\/v2\/pages"}],"about":[{"href":"https:\/\/campus.ecovalia.org\/eva\/wp-json\/wp\/v2\/types\/page"}],"author":[{"embeddable":true,"href":"https:\/\/campus.ecovalia.org\/eva\/wp-json\/wp\/v2\/users\/1"}],"replies":[{"embeddable":true,"href":"https:\/\/campus.ecovalia.org\/eva\/wp-json\/wp\/v2\/comments?post=187"}],"version-history":[{"count":8,"href":"https:\/\/campus.ecovalia.org\/eva\/wp-json\/wp\/v2\/pages\/187\/revisions"}],"predecessor-version":[{"id":8377,"href":"https:\/\/campus.ecovalia.org\/eva\/wp-json\/wp\/v2\/pages\/187\/revisions\/8377"}],"wp:attachment":[{"href":"https:\/\/campus.ecovalia.org\/eva\/wp-json\/wp\/v2\/media?parent=187"}],"curies":[{"name":"wp","href":"https:\/\/api.w.org\/{rel}","templated":true}]}}